{"id":767,"date":"2013-05-27T19:49:22","date_gmt":"2013-05-27T19:49:22","guid":{"rendered":"http:\/\/www.amidaarquitectura.com\/?page_id=767"},"modified":"2013-07-03T11:07:55","modified_gmt":"2013-07-03T11:07:55","slug":"blog","status":"publish","type":"page","link":"https:\/\/www.amidaarquitectura.com\/es\/blog\/","title":{"rendered":"Blog"},"content":{"rendered":"<div class=\"row-fluid\">\n\t<div class=\"wpb_blog_widget wpb_content_element span12 blog-page\">\n\t\t<div class=\"wpb_wrapper blog-wrap\">\n\t\t\t\t<ul class=\"blog-items standard-items clearfix\"><li class=\"blog-item\"><div class=\"blog-details-wrap\"><h2><a href=\"https:\/\/www.amidaarquitectura.com\/es\/para-un-hogar-mas-eficiente-medidas-para-el-ahorro-energetico\/\">PARA UN HOGAR M\u00c1S EFICIENTE: MEDIDAS PARA EL AHORRO ENERG\u00c9TICO<\/a><\/h2><div class=\"blog-item-details clearfix\">Por <a href=\"https:\/\/www.amidaarquitectura.com\/es\/author\/amida\/\">Amida<\/a> el 16 de febrero de 2014 en <a href=\"https:\/\/www.amidaarquitectura.com\/es\/category\/espacio-sostenible\/\" rel=\"category tag\">Espacio sostenible<\/a><div class=\"comments-likes\"><div class=\"love-it-wrapper\"><a href=\"#\" class=\"love-it\" data-post-id=\"1794\" data-user-id=\"0\"><i class=\"icon-heart\"><\/i><\/a> <span class=\"love-count\">0<\/span><\/div><\/div><\/div><figure><a href=\"https:\/\/www.amidaarquitectura.com\/es\/para-un-hogar-mas-eficiente-medidas-para-el-ahorro-energetico\/\" class=\"link-to-post\"><img loading=\"lazy\" decoding=\"async\" src=\"https:\/\/www.amidaarquitectura.com\/wp-content\/uploads\/2014\/02\/finestra.jpg\" width=\"640\" height=\"418\" \/><\/a><\/figure><div class=\"excerpt\"><p>M1. ESTAS PENSANDO EN CAMBIAR LAS VENTANAS DE TU CASA? Si las ventanas de tu casa tienen m\u00e1s de 25 a\u00f1os, no ajustan bien, el vidrio es simple (un solo vidrio), los perfiles son de aluminio de geometr\u00eda sencilla,...<\/p><\/div><a class=\"read-more\" href=\"https:\/\/www.amidaarquitectura.com\/es\/para-un-hogar-mas-eficiente-medidas-para-el-ahorro-energetico\/\">Seguir leyendo<i class=\"icon-chevron-right\"><\/i><\/a><\/div><\/li><li class=\"blog-item\"><div class=\"blog-details-wrap\"><h2><a href=\"https:\/\/www.amidaarquitectura.com\/es\/peli-la-casa-del-llago\/\">Pel\u00edcula: \u201cThe Lake House\u201c \u201cLa casa del Lago\u201d<\/a><\/h2><div class=\"blog-item-details clearfix\">Por <a href=\"https:\/\/www.amidaarquitectura.com\/es\/author\/amida\/\">Amida<\/a> el 23 de enero de 2014 en <a href=\"https:\/\/www.amidaarquitectura.com\/es\/category\/espacio-cultural\/\" rel=\"category tag\">Espacio cultural<\/a>, <a href=\"https:\/\/www.amidaarquitectura.com\/es\/category\/espacio-de-debate\/\" rel=\"category tag\">Espacio de debate<\/a><div class=\"comments-likes\"><div class=\"love-it-wrapper\"><a href=\"#\" class=\"love-it\" data-post-id=\"1768\" data-user-id=\"0\"><i class=\"icon-heart\"><\/i><\/a> <span class=\"love-count\">0<\/span><\/div><\/div><\/div><figure><a href=\"https:\/\/www.amidaarquitectura.com\/es\/peli-la-casa-del-llago\/\" class=\"link-to-post\"><img loading=\"lazy\" decoding=\"async\" src=\"https:\/\/www.amidaarquitectura.com\/wp-content\/uploads\/2014\/01\/la-casa-del-lago.jpg\" width=\"460\" height=\"400\" \/><\/a><\/figure><div class=\"excerpt\"><p>Para m\u00ed , lo mejor de esta pel\u00edcula son los paisajes en el Lago acompa\u00f1ados de una casa fant\u00e1stica ! &#8230; El resto, una historia de amor con saltos en el tiempo \u2026 para pasar un buen rato. &nbsp;...<\/p><\/div><a class=\"read-more\" href=\"https:\/\/www.amidaarquitectura.com\/es\/peli-la-casa-del-llago\/\">Seguir leyendo<i class=\"icon-chevron-right\"><\/i><\/a><\/div><\/li><li class=\"blog-item\"><div class=\"blog-details-wrap\"><h2><a href=\"https:\/\/www.amidaarquitectura.com\/es\/krion\/\">El Krion<\/a><\/h2><div class=\"blog-item-details clearfix\">Por <a href=\"https:\/\/www.amidaarquitectura.com\/es\/author\/amida\/\">Amida<\/a> el 21 de enero de 2014 en <a href=\"https:\/\/www.amidaarquitectura.com\/es\/category\/espacio-de-debate\/\" rel=\"category tag\">Espacio de debate<\/a><div class=\"comments-likes\"><div class=\"love-it-wrapper\"><a href=\"#\" class=\"love-it\" data-post-id=\"1780\" data-user-id=\"0\"><i class=\"icon-heart\"><\/i><\/a> <span class=\"love-count\">0<\/span><\/div><\/div><\/div><figure><a href=\"https:\/\/www.amidaarquitectura.com\/es\/krion\/\" class=\"link-to-post\"><img loading=\"lazy\" decoding=\"async\" src=\"https:\/\/www.amidaarquitectura.com\/wp-content\/uploads\/2014\/01\/krion-640x449.jpg\" width=\"640\" height=\"449\" \/><\/a><\/figure><div class=\"excerpt\"><p>El mercado nos ofrece distintos productos para la ejecuci\u00f3n de superficies s\u00f3lidas, con importantes propiedades: antibacterianos, resistencia, \u2026. para la ejecuci\u00f3n de acabados verticales y horizontales. Entre los m\u00e1s utilizados a d\u00eda de hoy destacan el Corian, de la...<\/p><\/div><a class=\"read-more\" href=\"https:\/\/www.amidaarquitectura.com\/es\/krion\/\">Seguir leyendo<i class=\"icon-chevron-right\"><\/i><\/a><\/div><\/li><li class=\"blog-item\"><div class=\"blog-details-wrap\"><h2><a href=\"https:\/\/www.amidaarquitectura.com\/es\/naturaleza-en-los-barrios\/\">Naturaleza en los barrios o barrios en la Naturaleza<\/a><\/h2><div class=\"blog-item-details clearfix\">Por <a href=\"https:\/\/www.amidaarquitectura.com\/es\/author\/amida\/\">Amida<\/a> el 17 de enero de 2014 en <a href=\"https:\/\/www.amidaarquitectura.com\/es\/category\/espacio-natural\/\" rel=\"category tag\">Espacio natural<\/a><div class=\"comments-likes\"><div class=\"love-it-wrapper\"><a href=\"#\" class=\"love-it\" data-post-id=\"1757\" data-user-id=\"0\"><i class=\"icon-heart\"><\/i><\/a> <span class=\"love-count\">0<\/span><\/div><\/div><\/div><figure><\/figure><div class=\"excerpt\"><p>Incluir fragmentos de naturaleza dentro de los barrios o hacer barrios que integren a la naturaleza existente. La naturaleza me relaja , me gusta , me siento c\u00f3moda y confortable . Quieres decir que no hacemos algo mal al...<\/p><\/div><a class=\"read-more\" href=\"https:\/\/www.amidaarquitectura.com\/es\/naturaleza-en-los-barrios\/\">Seguir leyendo<i class=\"icon-chevron-right\"><\/i><\/a><\/div><\/li><li class=\"blog-item\"><div class=\"blog-details-wrap\"><h2><a href=\"https:\/\/www.amidaarquitectura.com\/es\/feliz-2014\/\">Feliz 2014<\/a><\/h2><div class=\"blog-item-details clearfix\">Por <a href=\"https:\/\/www.amidaarquitectura.com\/es\/author\/amida\/\">Amida<\/a> el 30 de diciembre de 2013 en <a href=\"https:\/\/www.amidaarquitectura.com\/es\/category\/espacio-de-debate\/\" rel=\"category tag\">Espacio de debate<\/a><div class=\"comments-likes\"><div class=\"love-it-wrapper\"><a href=\"#\" class=\"love-it\" data-post-id=\"1748\" data-user-id=\"0\"><i class=\"icon-heart\"><\/i><\/a> <span class=\"love-count\">0<\/span><\/div><\/div><\/div><figure><a href=\"https:\/\/www.amidaarquitectura.com\/es\/feliz-2014\/\" class=\"link-to-post\"><img loading=\"lazy\" decoding=\"async\" src=\"https:\/\/www.amidaarquitectura.com\/wp-content\/uploads\/2013\/12\/14p2-21-640x412.jpg\" width=\"640\" height=\"412\" \/><\/a><\/figure><div class=\"excerpt\"><p><\/p><\/div><a class=\"read-more\" href=\"https:\/\/www.amidaarquitectura.com\/es\/feliz-2014\/\">Seguir leyendo<i class=\"icon-chevron-right\"><\/i><\/a><\/div><\/li><li class=\"blog-item\"><div class=\"blog-details-wrap\"><h2><a href=\"https:\/\/www.amidaarquitectura.com\/es\/la-cueva-de-les-gralles\/\">La cueva de \u00ables Gralles\u00bb<\/a><\/h2><div class=\"blog-item-details clearfix\">Por <a href=\"https:\/\/www.amidaarquitectura.com\/es\/author\/amida\/\">Amida<\/a> el 9 de diciembre de 2013 en <a href=\"https:\/\/www.amidaarquitectura.com\/es\/category\/espacio-natural\/\" rel=\"category tag\">Espacio natural<\/a><div class=\"comments-likes\"><div class=\"love-it-wrapper\"><a href=\"#\" class=\"love-it\" data-post-id=\"1734\" data-user-id=\"0\"><i class=\"icon-heart\"><\/i><\/a> <span class=\"love-count\">0<\/span><\/div><\/div><\/div><figure><a href=\"https:\/\/www.amidaarquitectura.com\/es\/la-cueva-de-les-gralles\/\" class=\"link-to-post\"><img loading=\"lazy\" decoding=\"async\" src=\"https:\/\/www.amidaarquitectura.com\/wp-content\/uploads\/2013\/12\/cova.jpg\" width=\"640\" height=\"853\" \/><\/a><\/figure><div class=\"excerpt\"><p>A menudo la naturaleza nos regala escenarios imponentes, sorprendentes y evocadores. Son espacios que han inspirado al hombre desde tiempos ancestrales. Se podr\u00eda decir que son el origen de la arquitectura, el punto de partida. Uno de estos escenarios...<\/p><\/div><a class=\"read-more\" href=\"https:\/\/www.amidaarquitectura.com\/es\/la-cueva-de-les-gralles\/\">Seguir leyendo<i class=\"icon-chevron-right\"><\/i><\/a><\/div><\/li><\/ul><div class=\"pagination-wrap full-width\"><ul class=\"pagenavi\">\n<li><span class=\"current\">1<\/span><\/li><li><a href=\"https:\/\/www.amidaarquitectura.com\/es\/wp-json\/wp\/v2\/pages\/767\/page\/2\/\" class=\"single_page\" title=\"2\">2<\/a><\/li><li><a href=\"https:\/\/www.amidaarquitectura.com\/es\/wp-json\/wp\/v2\/pages\/767\/page\/2\/\" >Siguiente<\/a><\/li><\/ul>\n<\/div>\n\t\t<\/div> \n\t<\/div> <\/div> <div class=\"blank_spacer\" style=\"height:60px;\"><\/div>\n\n","protected":false},"excerpt":{"rendered":"","protected":false},"author":5,"featured_media":0,"parent":0,"menu_order":0,"comment_status":"open","ping_status":"open","template":"","meta":{"footnotes":""},"class_list":["post-767","page","type-page","status-publish","hentry"],"yoast_head":"<!-- This site is optimized with the Yoast SEO plugin v27.3 - https:\/\/yoast.com\/product\/yoast-seo-wordpress\/ -->\n<title>Blog - Amida Arquitectura<\/title>\n<meta name=\"description\" content=\"Despacho de arquitectura especializado en: dise\u00f1o, construcci\u00f3n, c\u00e9dulas de habitabilidad, certificados de efici\u00e9ncia energ\u00e9tica (CEE), inspecciones t\u00e9cnicas de edificios (ITE), tasaciones, seguridad y salud en las obras...\" \/>\n<meta name=\"robots\" content=\"index, follow, max-snippet:-1, max-image-preview:large, max-video-preview:-1\" \/>\n<link rel=\"canonical\" href=\"https:\/\/www.amidaarquitectura.com\/es\/blog\/\" \/>\n<meta property=\"og:locale\" content=\"es_ES\" \/>\n<meta property=\"og:type\" content=\"article\" \/>\n<meta property=\"og:title\" content=\"Blog - Amida Arquitectura\" \/>\n<meta property=\"og:description\" content=\"Despacho de arquitectura especializado en: dise\u00f1o, construcci\u00f3n, c\u00e9dulas de habitabilidad, certificados de efici\u00e9ncia energ\u00e9tica (CEE), inspecciones t\u00e9cnicas de edificios (ITE), tasaciones, seguridad y salud en las obras...\" \/>\n<meta property=\"og:url\" content=\"https:\/\/www.amidaarquitectura.com\/es\/blog\/\" \/>\n<meta property=\"og:site_name\" content=\"Amida Arquitectura\" \/>\n<meta property=\"article:modified_time\" content=\"2013-07-03T11:07:55+00:00\" \/>\n<script type=\"application\/ld+json\" class=\"yoast-schema-graph\">{\"@context\":\"https:\\\/\\\/schema.org\",\"@graph\":[{\"@type\":\"WebPage\",\"@id\":\"https:\\\/\\\/www.amidaarquitectura.com\\\/es\\\/blog\\\/\",\"url\":\"https:\\\/\\\/www.amidaarquitectura.com\\\/es\\\/blog\\\/\",\"name\":\"Blog - Amida Arquitectura\",\"isPartOf\":{\"@id\":\"https:\\\/\\\/www.amidaarquitectura.com\\\/#website\"},\"datePublished\":\"2013-05-27T19:49:22+00:00\",\"dateModified\":\"2013-07-03T11:07:55+00:00\",\"description\":\"Despacho de arquitectura especializado en: dise\u00f1o, construcci\u00f3n, c\u00e9dulas de habitabilidad, certificados de efici\u00e9ncia energ\u00e9tica (CEE), inspecciones t\u00e9cnicas de edificios (ITE), tasaciones, seguridad y salud en las obras...\",\"breadcrumb\":{\"@id\":\"https:\\\/\\\/www.amidaarquitectura.com\\\/es\\\/blog\\\/#breadcrumb\"},\"inLanguage\":\"es\",\"potentialAction\":[{\"@type\":\"ReadAction\",\"target\":[\"https:\\\/\\\/www.amidaarquitectura.com\\\/es\\\/blog\\\/\"]}]},{\"@type\":\"BreadcrumbList\",\"@id\":\"https:\\\/\\\/www.amidaarquitectura.com\\\/es\\\/blog\\\/#breadcrumb\",\"itemListElement\":[{\"@type\":\"ListItem\",\"position\":1,\"name\":\"Inici\",\"item\":\"https:\\\/\\\/www.amidaarquitectura.com\\\/es\\\/\"},{\"@type\":\"ListItem\",\"position\":2,\"name\":\"Blog\"}]},{\"@type\":\"WebSite\",\"@id\":\"https:\\\/\\\/www.amidaarquitectura.com\\\/#website\",\"url\":\"https:\\\/\\\/www.amidaarquitectura.com\\\/\",\"name\":\"Amida Arquitectura\",\"description\":\"\",\"potentialAction\":[{\"@type\":\"SearchAction\",\"target\":{\"@type\":\"EntryPoint\",\"urlTemplate\":\"https:\\\/\\\/www.amidaarquitectura.com\\\/?s={search_term_string}\"},\"query-input\":{\"@type\":\"PropertyValueSpecification\",\"valueRequired\":true,\"valueName\":\"search_term_string\"}}],\"inLanguage\":\"es\"}]}<\/script>\n<!-- \/ Yoast SEO plugin. -->","yoast_head_json":{"title":"Blog - Amida Arquitectura","description":"Despacho de arquitectura especializado en: dise\u00f1o, construcci\u00f3n, c\u00e9dulas de habitabilidad, certificados de efici\u00e9ncia energ\u00e9tica (CEE), inspecciones t\u00e9cnicas de edificios (ITE), tasaciones, seguridad y salud en las obras...","robots":{"index":"index","follow":"follow","max-snippet":"max-snippet:-1","max-image-preview":"max-image-preview:large","max-video-preview":"max-video-preview:-1"},"canonical":"https:\/\/www.amidaarquitectura.com\/es\/blog\/","og_locale":"es_ES","og_type":"article","og_title":"Blog - Amida Arquitectura","og_description":"Despacho de arquitectura especializado en: dise\u00f1o, construcci\u00f3n, c\u00e9dulas de habitabilidad, certificados de efici\u00e9ncia energ\u00e9tica (CEE), inspecciones t\u00e9cnicas de edificios (ITE), tasaciones, seguridad y salud en las obras...","og_url":"https:\/\/www.amidaarquitectura.com\/es\/blog\/","og_site_name":"Amida Arquitectura","article_modified_time":"2013-07-03T11:07:55+00:00","schema":{"@context":"https:\/\/schema.org","@graph":[{"@type":"WebPage","@id":"https:\/\/www.amidaarquitectura.com\/es\/blog\/","url":"https:\/\/www.amidaarquitectura.com\/es\/blog\/","name":"Blog - Amida Arquitectura","isPartOf":{"@id":"https:\/\/www.amidaarquitectura.com\/#website"},"datePublished":"2013-05-27T19:49:22+00:00","dateModified":"2013-07-03T11:07:55+00:00","description":"Despacho de arquitectura especializado en: dise\u00f1o, construcci\u00f3n, c\u00e9dulas de habitabilidad, certificados de efici\u00e9ncia energ\u00e9tica (CEE), inspecciones t\u00e9cnicas de edificios (ITE), tasaciones, seguridad y salud en las obras...","breadcrumb":{"@id":"https:\/\/www.amidaarquitectura.com\/es\/blog\/#breadcrumb"},"inLanguage":"es","potentialAction":[{"@type":"ReadAction","target":["https:\/\/www.amidaarquitectura.com\/es\/blog\/"]}]},{"@type":"BreadcrumbList","@id":"https:\/\/www.amidaarquitectura.com\/es\/blog\/#breadcrumb","itemListElement":[{"@type":"ListItem","position":1,"name":"Inici","item":"https:\/\/www.amidaarquitectura.com\/es\/"},{"@type":"ListItem","position":2,"name":"Blog"}]},{"@type":"WebSite","@id":"https:\/\/www.amidaarquitectura.com\/#website","url":"https:\/\/www.amidaarquitectura.com\/","name":"Amida Arquitectura","description":"","potentialAction":[{"@type":"SearchAction","target":{"@type":"EntryPoint","urlTemplate":"https:\/\/www.amidaarquitectura.com\/?s={search_term_string}"},"query-input":{"@type":"PropertyValueSpecification","valueRequired":true,"valueName":"search_term_string"}}],"inLanguage":"es"}]}},"jetpack_sharing_enabled":true,"_links":{"self":[{"href":"https:\/\/www.amidaarquitectura.com\/es\/wp-json\/wp\/v2\/pages\/767","targetHints":{"allow":["GET"]}}],"collection":[{"href":"https:\/\/www.amidaarquitectura.com\/es\/wp-json\/wp\/v2\/pages"}],"about":[{"href":"https:\/\/www.amidaarquitectura.com\/es\/wp-json\/wp\/v2\/types\/page"}],"author":[{"embeddable":true,"href":"https:\/\/www.amidaarquitectura.com\/es\/wp-json\/wp\/v2\/users\/5"}],"replies":[{"embeddable":true,"href":"https:\/\/www.amidaarquitectura.com\/es\/wp-json\/wp\/v2\/comments?post=767"}],"version-history":[{"count":8,"href":"https:\/\/www.amidaarquitectura.com\/es\/wp-json\/wp\/v2\/pages\/767\/revisions"}],"predecessor-version":[{"id":785,"href":"https:\/\/www.amidaarquitectura.com\/es\/wp-json\/wp\/v2\/pages\/767\/revisions\/785"}],"wp:attachment":[{"href":"https:\/\/www.amidaarquitectura.com\/es\/wp-json\/wp\/v2\/media?parent=767"}],"curies":[{"name":"wp","href":"https:\/\/api.w.org\/{rel}","templated":true}]}}