{"id":385,"date":"2013-04-16T16:30:44","date_gmt":"2013-04-16T16:30:44","guid":{"rendered":"http:\/\/www.amidaarquitectura.com\/?page_id=385"},"modified":"2013-07-09T08:46:55","modified_gmt":"2013-07-09T08:46:55","slug":"direccion-de-ejecucion-de-obras","status":"publish","type":"page","link":"https:\/\/www.amidaarquitectura.com\/es\/direccion-de-ejecucion-de-obras\/","title":{"rendered":"Direcci\u00f3n de ejecuci\u00f3n de obras"},"content":{"rendered":"<div class=\"row-fluid\">\n\t<div class=\"wpb_portfolio_widget wpb_content_element span12 relacio-projectes ttot\">\n\t\t<div class=\"wpb_wrapper portfolio-wrap\">\n\t\t\t\t<ul class=\"portfolio-items filterable-items  clearfix\"><li data-id=\"id-0\" class=\"clearfix portfolio-item thirds standard image-item columns derribos \"><figure><a href=\"https:\/\/www.amidaarquitectura.com\/es\/dir-obra\/derribo-de-vivienda-en-balaguer\/\" class=\"link-to-post\"><div class=\"overlay\"><div class=\"thumb-info\"><i class=\"icon-file\"><\/i><\/div><\/div><img loading=\"lazy\" decoding=\"async\" src=\"https:\/\/www.amidaarquitectura.com\/wp-content\/uploads\/2013\/07\/ICONO-Minerva-2.jpg\" width=\"300\" height=\"160\" alt=\"Derribo de vivienda en Balaguer\" \/><\/a><\/figure><div class=\"portfolio-item-details\"><h4 class=\"portfolio-item-title\"><a href=\"https:\/\/www.amidaarquitectura.com\/es\/dir-obra\/derribo-de-vivienda-en-balaguer\/\" class=\"link-to-post\">Derribo de vivienda en Balaguer<\/a><\/h4><div class=\"portfolio-item-excerpt\"><p>Derribos<\/p>\n<\/div><\/div><\/li><li data-id=\"id-1\" class=\"clearfix portfolio-item thirds standard image-item columns derribos \"><figure><a href=\"https:\/\/www.amidaarquitectura.com\/es\/dir-obra\/derribo-de-vivienda-en-alguaire\/\" class=\"link-to-post\"><div class=\"overlay\"><div class=\"thumb-info\"><i class=\"icon-file\"><\/i><\/div><\/div><img loading=\"lazy\" decoding=\"async\" src=\"https:\/\/www.amidaarquitectura.com\/wp-content\/uploads\/2011\/07\/ICONO-Bell-lloc-2.jpg\" width=\"300\" height=\"160\" alt=\"Derribo de vivienda en Alguaire\" \/><\/a><\/figure><div class=\"portfolio-item-details\"><h4 class=\"portfolio-item-title\"><a href=\"https:\/\/www.amidaarquitectura.com\/es\/dir-obra\/derribo-de-vivienda-en-alguaire\/\" class=\"link-to-post\">Derribo de vivienda en Alguaire<\/a><\/h4><div class=\"portfolio-item-excerpt\"><p>Derribos<\/p>\n<\/div><\/div><\/li><li data-id=\"id-2\" class=\"clearfix portfolio-item thirds standard image-item columns rehabilitaci\u00f3n \"><figure><a href=\"https:\/\/www.amidaarquitectura.com\/es\/dir-obra\/casal-social-de-torrebesses\/\" class=\"link-to-post\"><div class=\"overlay\"><div class=\"thumb-info\"><i class=\"icon-file\"><\/i><\/div><\/div><img loading=\"lazy\" decoding=\"async\" src=\"https:\/\/www.amidaarquitectura.com\/wp-content\/uploads\/2011\/02\/ICONO-Casal-2.jpg\" width=\"300\" height=\"160\" alt=\"Casal Social de Torrebesses\" \/><\/a><\/figure><div class=\"portfolio-item-details\"><h4 class=\"portfolio-item-title\"><a href=\"https:\/\/www.amidaarquitectura.com\/es\/dir-obra\/casal-social-de-torrebesses\/\" class=\"link-to-post\">Casal Social de Torrebesses<\/a><\/h4><div class=\"portfolio-item-excerpt\"><p>Rehabilitaci\u00f3n<\/p>\n<\/div><\/div><\/li><li data-id=\"id-3\" class=\"clearfix portfolio-item thirds standard image-item columns obra-nueva \"><figure><a href=\"https:\/\/www.amidaarquitectura.com\/es\/dir-obra\/ceip-joc-de-la-bola\/\" class=\"link-to-post\"><div class=\"overlay\"><div class=\"thumb-info\"><i class=\"icon-file\"><\/i><\/div><\/div><img loading=\"lazy\" decoding=\"async\" src=\"https:\/\/www.amidaarquitectura.com\/wp-content\/uploads\/2010\/04\/ICONO-CEIP-2.jpg\" width=\"300\" height=\"160\" alt=\"CEIP Joc de la Bola\" \/><\/a><\/figure><div class=\"portfolio-item-details\"><h4 class=\"portfolio-item-title\"><a href=\"https:\/\/www.amidaarquitectura.com\/es\/dir-obra\/ceip-joc-de-la-bola\/\" class=\"link-to-post\">CEIP Joc de la Bola<\/a><\/h4><div class=\"portfolio-item-excerpt\"><p>Obra Nueva<\/p>\n<\/div><\/div><\/li><li data-id=\"id-4\" class=\"clearfix portfolio-item thirds standard image-item columns derribos \"><figure><a href=\"https:\/\/www.amidaarquitectura.com\/es\/dir-obra\/derribo-de-edificio-en-torres-de-segre\/\" class=\"link-to-post\"><div class=\"overlay\"><div class=\"thumb-info\"><i class=\"icon-file\"><\/i><\/div><\/div><img loading=\"lazy\" decoding=\"async\" src=\"https:\/\/www.amidaarquitectura.com\/wp-content\/uploads\/2005\/07\/ICONO-Bou-2.jpg\" width=\"300\" height=\"160\" alt=\"Derribo de edificio en Torres de Segre\" \/><\/a><\/figure><div class=\"portfolio-item-details\"><h4 class=\"portfolio-item-title\"><a href=\"https:\/\/www.amidaarquitectura.com\/es\/dir-obra\/derribo-de-edificio-en-torres-de-segre\/\" class=\"link-to-post\">Derribo de edificio en Torres de Segre<\/a><\/h4><div class=\"portfolio-item-excerpt\"><p>Derribos<\/p>\n<\/div><\/div><\/li><\/ul>\n\t\t<\/div> \n\t<\/div> <\/div> <div class=\"blank_spacer\" style=\"height:46px;\"><\/div>\n\n","protected":false},"excerpt":{"rendered":"","protected":false},"author":5,"featured_media":0,"parent":0,"menu_order":0,"comment_status":"open","ping_status":"open","template":"page-direccio.php","meta":{"footnotes":""},"class_list":["post-385","page","type-page","status-publish","hentry"],"yoast_head":"<!-- This site is optimized with the Yoast SEO plugin v27.3 - https:\/\/yoast.com\/product\/yoast-seo-wordpress\/ -->\n<title>Direcci\u00f3n de ejecuci\u00f3n de obras - Amida Arquitectura<\/title>\n<meta name=\"description\" content=\"Despacho de arquitectura especializado en: dise\u00f1o, construcci\u00f3n, c\u00e9dulas de habitabilidad, certificados de efici\u00e9ncia energ\u00e9tica (CEE), inspecciones t\u00e9cnicas de edificios (ITE), tasaciones, seguridad y salud en las obras...\" \/>\n<meta name=\"robots\" content=\"index, follow, max-snippet:-1, max-image-preview:large, max-video-preview:-1\" \/>\n<link rel=\"canonical\" href=\"https:\/\/www.amidaarquitectura.com\/es\/direccion-de-ejecucion-de-obras\/\" \/>\n<meta property=\"og:locale\" content=\"es_ES\" \/>\n<meta property=\"og:type\" content=\"article\" \/>\n<meta property=\"og:title\" content=\"Direcci\u00f3n de ejecuci\u00f3n de obras - Amida Arquitectura\" \/>\n<meta property=\"og:description\" content=\"Despacho de arquitectura especializado en: dise\u00f1o, construcci\u00f3n, c\u00e9dulas de habitabilidad, certificados de efici\u00e9ncia energ\u00e9tica (CEE), inspecciones t\u00e9cnicas de edificios (ITE), tasaciones, seguridad y salud en las obras...\" \/>\n<meta property=\"og:url\" content=\"https:\/\/www.amidaarquitectura.com\/es\/direccion-de-ejecucion-de-obras\/\" \/>\n<meta property=\"og:site_name\" content=\"Amida Arquitectura\" \/>\n<meta property=\"article:modified_time\" content=\"2013-07-09T08:46:55+00:00\" \/>\n<script type=\"application\/ld+json\" class=\"yoast-schema-graph\">{\"@context\":\"https:\\\/\\\/schema.org\",\"@graph\":[{\"@type\":\"WebPage\",\"@id\":\"https:\\\/\\\/www.amidaarquitectura.com\\\/es\\\/direccion-de-ejecucion-de-obras\\\/\",\"url\":\"https:\\\/\\\/www.amidaarquitectura.com\\\/es\\\/direccion-de-ejecucion-de-obras\\\/\",\"name\":\"Direcci\u00f3n de ejecuci\u00f3n de obras - Amida Arquitectura\",\"isPartOf\":{\"@id\":\"https:\\\/\\\/www.amidaarquitectura.com\\\/#website\"},\"datePublished\":\"2013-04-16T16:30:44+00:00\",\"dateModified\":\"2013-07-09T08:46:55+00:00\",\"description\":\"Despacho de arquitectura especializado en: dise\u00f1o, construcci\u00f3n, c\u00e9dulas de habitabilidad, certificados de efici\u00e9ncia energ\u00e9tica (CEE), inspecciones t\u00e9cnicas de edificios (ITE), tasaciones, seguridad y salud en las obras...\",\"breadcrumb\":{\"@id\":\"https:\\\/\\\/www.amidaarquitectura.com\\\/es\\\/direccion-de-ejecucion-de-obras\\\/#breadcrumb\"},\"inLanguage\":\"es\",\"potentialAction\":[{\"@type\":\"ReadAction\",\"target\":[\"https:\\\/\\\/www.amidaarquitectura.com\\\/es\\\/direccion-de-ejecucion-de-obras\\\/\"]}]},{\"@type\":\"BreadcrumbList\",\"@id\":\"https:\\\/\\\/www.amidaarquitectura.com\\\/es\\\/direccion-de-ejecucion-de-obras\\\/#breadcrumb\",\"itemListElement\":[{\"@type\":\"ListItem\",\"position\":1,\"name\":\"Inici\",\"item\":\"https:\\\/\\\/www.amidaarquitectura.com\\\/es\\\/\"},{\"@type\":\"ListItem\",\"position\":2,\"name\":\"Direcci\u00f3n de ejecuci\u00f3n de obras\"}]},{\"@type\":\"WebSite\",\"@id\":\"https:\\\/\\\/www.amidaarquitectura.com\\\/#website\",\"url\":\"https:\\\/\\\/www.amidaarquitectura.com\\\/\",\"name\":\"Amida Arquitectura\",\"description\":\"\",\"potentialAction\":[{\"@type\":\"SearchAction\",\"target\":{\"@type\":\"EntryPoint\",\"urlTemplate\":\"https:\\\/\\\/www.amidaarquitectura.com\\\/?s={search_term_string}\"},\"query-input\":{\"@type\":\"PropertyValueSpecification\",\"valueRequired\":true,\"valueName\":\"search_term_string\"}}],\"inLanguage\":\"es\"}]}<\/script>\n<!-- \/ Yoast SEO plugin. -->","yoast_head_json":{"title":"Direcci\u00f3n de ejecuci\u00f3n de obras - Amida Arquitectura","description":"Despacho de arquitectura especializado en: dise\u00f1o, construcci\u00f3n, c\u00e9dulas de habitabilidad, certificados de efici\u00e9ncia energ\u00e9tica (CEE), inspecciones t\u00e9cnicas de edificios (ITE), tasaciones, seguridad y salud en las obras...","robots":{"index":"index","follow":"follow","max-snippet":"max-snippet:-1","max-image-preview":"max-image-preview:large","max-video-preview":"max-video-preview:-1"},"canonical":"https:\/\/www.amidaarquitectura.com\/es\/direccion-de-ejecucion-de-obras\/","og_locale":"es_ES","og_type":"article","og_title":"Direcci\u00f3n de ejecuci\u00f3n de obras - Amida Arquitectura","og_description":"Despacho de arquitectura especializado en: dise\u00f1o, construcci\u00f3n, c\u00e9dulas de habitabilidad, certificados de efici\u00e9ncia energ\u00e9tica (CEE), inspecciones t\u00e9cnicas de edificios (ITE), tasaciones, seguridad y salud en las obras...","og_url":"https:\/\/www.amidaarquitectura.com\/es\/direccion-de-ejecucion-de-obras\/","og_site_name":"Amida Arquitectura","article_modified_time":"2013-07-09T08:46:55+00:00","schema":{"@context":"https:\/\/schema.org","@graph":[{"@type":"WebPage","@id":"https:\/\/www.amidaarquitectura.com\/es\/direccion-de-ejecucion-de-obras\/","url":"https:\/\/www.amidaarquitectura.com\/es\/direccion-de-ejecucion-de-obras\/","name":"Direcci\u00f3n de ejecuci\u00f3n de obras - Amida Arquitectura","isPartOf":{"@id":"https:\/\/www.amidaarquitectura.com\/#website"},"datePublished":"2013-04-16T16:30:44+00:00","dateModified":"2013-07-09T08:46:55+00:00","description":"Despacho de arquitectura especializado en: dise\u00f1o, construcci\u00f3n, c\u00e9dulas de habitabilidad, certificados de efici\u00e9ncia energ\u00e9tica (CEE), inspecciones t\u00e9cnicas de edificios (ITE), tasaciones, seguridad y salud en las obras...","breadcrumb":{"@id":"https:\/\/www.amidaarquitectura.com\/es\/direccion-de-ejecucion-de-obras\/#breadcrumb"},"inLanguage":"es","potentialAction":[{"@type":"ReadAction","target":["https:\/\/www.amidaarquitectura.com\/es\/direccion-de-ejecucion-de-obras\/"]}]},{"@type":"BreadcrumbList","@id":"https:\/\/www.amidaarquitectura.com\/es\/direccion-de-ejecucion-de-obras\/#breadcrumb","itemListElement":[{"@type":"ListItem","position":1,"name":"Inici","item":"https:\/\/www.amidaarquitectura.com\/es\/"},{"@type":"ListItem","position":2,"name":"Direcci\u00f3n de ejecuci\u00f3n de obras"}]},{"@type":"WebSite","@id":"https:\/\/www.amidaarquitectura.com\/#website","url":"https:\/\/www.amidaarquitectura.com\/","name":"Amida Arquitectura","description":"","potentialAction":[{"@type":"SearchAction","target":{"@type":"EntryPoint","urlTemplate":"https:\/\/www.amidaarquitectura.com\/?s={search_term_string}"},"query-input":{"@type":"PropertyValueSpecification","valueRequired":true,"valueName":"search_term_string"}}],"inLanguage":"es"}]}},"jetpack_sharing_enabled":true,"_links":{"self":[{"href":"https:\/\/www.amidaarquitectura.com\/es\/wp-json\/wp\/v2\/pages\/385","targetHints":{"allow":["GET"]}}],"collection":[{"href":"https:\/\/www.amidaarquitectura.com\/es\/wp-json\/wp\/v2\/pages"}],"about":[{"href":"https:\/\/www.amidaarquitectura.com\/es\/wp-json\/wp\/v2\/types\/page"}],"author":[{"embeddable":true,"href":"https:\/\/www.amidaarquitectura.com\/es\/wp-json\/wp\/v2\/users\/5"}],"replies":[{"embeddable":true,"href":"https:\/\/www.amidaarquitectura.com\/es\/wp-json\/wp\/v2\/comments?post=385"}],"version-history":[{"count":10,"href":"https:\/\/www.amidaarquitectura.com\/es\/wp-json\/wp\/v2\/pages\/385\/revisions"}],"predecessor-version":[{"id":1322,"href":"https:\/\/www.amidaarquitectura.com\/es\/wp-json\/wp\/v2\/pages\/385\/revisions\/1322"}],"wp:attachment":[{"href":"https:\/\/www.amidaarquitectura.com\/es\/wp-json\/wp\/v2\/media?parent=385"}],"curies":[{"name":"wp","href":"https:\/\/api.w.org\/{rel}","templated":true}]}}