{"id":332,"date":"2013-04-15T11:56:22","date_gmt":"2013-04-15T11:56:22","guid":{"rendered":"http:\/\/www.amidaarquitectura.com\/?page_id=332"},"modified":"2013-10-24T21:03:14","modified_gmt":"2013-10-24T21:03:14","slug":"servicios","status":"publish","type":"page","link":"https:\/\/www.amidaarquitectura.com\/es\/servicios\/","title":{"rendered":"Servicios"},"content":{"rendered":"<div class=\"row-fluid\">\n\t<div class=\"wpb_content_element span6 llista-serveis seg wpb_box_text whitestroke\">\n\t\t<div class=\"wpb_wrapper\">\n\t\t\t<div class=\"heading-wrap\"><h3 class=\"wpb_heading wpb_text_heading\">Seguridad y salud<\/h3><\/div>\n\t\t\t<div class=\"box-content-wrap\">\n<div class=\"sf-icon-cont cont-medium sf-icon-float-left\"><i class=\"icon-bolt sf-icon icon-medium\"><\/i><\/div>Estudios, coordinaciones i planes de seguridad en fase de proyecto y obra.<\/p>\n<\/div>\n\t\t<\/div> \n\t<\/div>  \n\t<div class=\"wpb_content_element span6 llista-serveis est wpb_box_text whitestroke\">\n\t\t<div class=\"wpb_wrapper\">\n\t\t\t<div class=\"heading-wrap\"><h3 class=\"wpb_heading wpb_text_heading\">Estudios econ\u00f3micos<\/h3><\/div>\n\t\t\t<div class=\"box-content-wrap\">\n<div class=\"sf-icon-cont cont-medium sf-icon-float-left\"><i class=\"icon-bolt sf-icon icon-medium\"><\/i><\/div>Mediciones, presupuestos, comparativos econ\u00f3micos, Project Manager, certificaciones y seguimiento en fase de obra.<\/p>\n<\/div>\n\t\t<\/div> \n\t<\/div> <\/div> <div class=\"blank_spacer\" style=\"height:30px;\"><\/div>\n <div class=\"row-fluid\">\n\t<div class=\"wpb_content_element span6 llista-serveis inf wpb_box_text whitestroke\">\n\t\t<div class=\"wpb_wrapper\">\n\t\t\t<div class=\"heading-wrap\"><h3 class=\"wpb_heading wpb_text_heading\">Informes t\u00e9cnicos<\/h3><\/div>\n\t\t\t<div class=\"box-content-wrap\">\n<div class=\"sf-icon-cont cont-medium sf-icon-float-left\"><i class=\"icon-bolt sf-icon icon-medium\"><\/i><\/div>Informes, dict\u00e1menes, certificados, diagnosis de patolog\u00edas, peritajes y propuestas\/estudios de reparaci\u00f3n y\/o actuaci\u00f3n.<\/p>\n<\/div>\n\t\t<\/div> \n\t<\/div>  \n\t<div class=\"wpb_content_element span6 llista-serveis ced wpb_box_text whitestroke\">\n\t\t<div class=\"wpb_wrapper\">\n\t\t\t<div class=\"heading-wrap\"><h3 class=\"wpb_heading wpb_text_heading\">C\u00e9dulas de habitabilidad<\/h3><\/div>\n\t\t\t<div class=\"box-content-wrap\">\n<div class=\"sf-icon-cont cont-medium sf-icon-float-left\"><i class=\"icon-bolt sf-icon icon-medium\"><\/i><\/div>Certificados de habitabilidad con la correspondiente gesti\u00f3n a la Direcci\u00f3n General de Habitatge, si es oportuno.<\/p>\n<\/div>\n\t\t<\/div> \n\t<\/div> <\/div> <div class=\"blank_spacer\" style=\"height:30px;\"><\/div>\n <div class=\"row-fluid\">\n\t<div class=\"wpb_content_element span6 llista-serveis ite wpb_box_text whitestroke\">\n\t\t<div class=\"wpb_wrapper\">\n\t\t\t<div class=\"heading-wrap\"><h3 class=\"wpb_heading wpb_text_heading\">ITE\u2019s . Inspecci\u00f3n t\u00e9cnica de edificios<\/h3><\/div>\n\t\t\t<div class=\"box-content-wrap\">\n<div class=\"sf-icon-cont cont-medium sf-icon-float-left\"><i class=\"icon-bolt sf-icon icon-medium\"><\/i><\/div>Inspecci\u00f3n de los edificios con la elaboraci\u00f3n de su informe ITE, y el asesoramiento de las actuaciones pertinentes, si corresponde.<br \/>\nProgramas de mantenimiento preventivo y personalizado a las comunidades de vecinos.<\/p>\n<\/div>\n\t\t<\/div> \n\t<\/div>  \n\t<div class=\"wpb_content_element span6 llista-serveis val wpb_box_text whitestroke\">\n\t\t<div class=\"wpb_wrapper\">\n\t\t\t<div class=\"heading-wrap\"><h3 class=\"wpb_heading wpb_text_heading\">Valoraciones inmobiliarias<\/h3><\/div>\n\t\t\t<div class=\"box-content-wrap\">\n<div class=\"sf-icon-cont cont-medium sf-icon-float-left\"><i class=\"icon-bolt sf-icon icon-medium\"><\/i><\/div>Asesoramiento en compra\/venda de inmuebles, valoraciones, tasaciones, asesoramiento jur\u00eddico, contra valoraciones catastrales, an\u00e1lisis t\u00e9cnicos y estudios econ\u00f3micos independientes.<\/p>\n<\/div>\n\t\t<\/div> \n\t<\/div> <\/div> <div class=\"blank_spacer\" style=\"height:30px;\"><\/div>\n <div class=\"row-fluid\">\n\t<div class=\"wpb_content_element span6 llista-serveis proj wpb_box_text whitestroke\">\n\t\t<div class=\"wpb_wrapper\">\n\t\t\t<div class=\"heading-wrap\"><h3 class=\"wpb_heading wpb_text_heading\">Proyecto de actividades<\/h3><\/div>\n\t\t\t<div class=\"box-content-wrap\">\n<div class=\"sf-icon-cont cont-medium sf-icon-float-left\"><i class=\"icon-bolt sf-icon icon-medium\"><\/i><\/div>Redacci\u00f3n de proyecto y certificado para el inicio de las distintas actividades y\/o los correspondientes controles peri\u00f3dicos.<\/p>\n<\/div>\n\t\t<\/div> \n\t<\/div>  \n\t<div class=\"wpb_content_element span6 llista-serveis cert wpb_box_text whitestroke\">\n\t\t<div class=\"wpb_wrapper\">\n\t\t\t<div class=\"heading-wrap\"><h3 class=\"wpb_heading wpb_text_heading\">Certificaciones de efici\u00e9ncia energ\u00e9tica<\/h3><\/div>\n\t\t\t<div class=\"box-content-wrap\">\n<div class=\"sf-icon-cont cont-medium sf-icon-float-left\"><i class=\"icon-bolt sf-icon icon-medium\"><\/i><\/div>La certificaci\u00f3n energ\u00e9tica de los edificios es el documento que describe el consumo de energ\u00eda y CO<sub>2<\/sub> anual de las viviendas, locales, oficinas y\/o edificios para la compra-venta o alquiler.<\/p>\n<\/div>\n\t\t<\/div> \n\t<\/div> <\/div> <div class=\"blank_spacer\" style=\"height:30px;\"><\/div>\n <div class=\"row-fluid\">\n\t<div class=\"wpb_content_element span6 llista-serveis superv wpb_box_text whitestroke\">\n\t\t<div class=\"wpb_wrapper\">\n\t\t\t<div class=\"heading-wrap\"><h3 class=\"wpb_heading wpb_text_heading\">Supervisi\u00f3n de proyectos<\/h3><\/div>\n\t\t\t<div class=\"box-content-wrap\">\n<div class=\"sf-icon-cont cont-medium sf-icon-float-left\"><i class=\"icon-bolt sf-icon icon-medium\"><\/i><\/div>Repaso y verificaci\u00f3n del contenido del proyecto o documento t\u00e9cnico, justificaci\u00f3n de normativa y planos.<\/p>\n<\/div>\n\t\t<\/div> \n\t<\/div>  \n\t<div class=\"wpb_content_element span6 llista-serveis suportT wpb_box_text whitestroke\">\n\t\t<div class=\"wpb_wrapper\">\n\t\t\t<div class=\"heading-wrap\"><h3 class=\"wpb_heading wpb_text_heading\">Soporte t\u00e9cnico<\/h3><\/div>\n\t\t\t<div class=\"box-content-wrap\">\n<div class=\"sf-icon-cont cont-medium sf-icon-float-left\"><i class=\"icon-bolt sf-icon icon-medium\"><\/i><\/div>Redacci\u00f3n de proyectos b\u00e1sicos, de ejecuci\u00f3n, mediciones, presupuestos y justificaci\u00f3n de normativa por encargo de otros t\u00e9cnicos o empresas del sector.<\/p>\n<\/div>\n\t\t<\/div> \n\t<\/div> <\/div> <div class=\"blank_spacer\" style=\"height:30px;\"><\/div>\n\n","protected":false},"excerpt":{"rendered":"","protected":false},"author":5,"featured_media":0,"parent":0,"menu_order":0,"comment_status":"open","ping_status":"closed","template":"","meta":{"footnotes":""},"class_list":["post-332","page","type-page","status-publish","hentry"],"yoast_head":"<!-- This site is optimized with the Yoast SEO plugin v27.3 - https:\/\/yoast.com\/product\/yoast-seo-wordpress\/ -->\n<title>Servicios - Amida Arquitectura<\/title>\n<meta name=\"description\" content=\"Despacho de arquitectura especializado en: dise\u00f1o, construcci\u00f3n, c\u00e9dulas de habitabilidad, certificados de efici\u00e9ncia energ\u00e9tica (CEE), inspecciones t\u00e9cnicas de edificios (ITE), tasaciones, seguridad y salud en las obras...\" \/>\n<meta name=\"robots\" content=\"index, follow, max-snippet:-1, max-image-preview:large, max-video-preview:-1\" \/>\n<link rel=\"canonical\" href=\"https:\/\/www.amidaarquitectura.com\/es\/servicios\/\" \/>\n<meta property=\"og:locale\" content=\"es_ES\" \/>\n<meta property=\"og:type\" content=\"article\" \/>\n<meta property=\"og:title\" content=\"Servicios - Amida Arquitectura\" \/>\n<meta property=\"og:description\" content=\"Despacho de arquitectura especializado en: dise\u00f1o, construcci\u00f3n, c\u00e9dulas de habitabilidad, certificados de efici\u00e9ncia energ\u00e9tica (CEE), inspecciones t\u00e9cnicas de edificios (ITE), tasaciones, seguridad y salud en las obras...\" \/>\n<meta property=\"og:url\" content=\"https:\/\/www.amidaarquitectura.com\/es\/servicios\/\" \/>\n<meta property=\"og:site_name\" content=\"Amida Arquitectura\" \/>\n<meta property=\"article:modified_time\" content=\"2013-10-24T21:03:14+00:00\" \/>\n<meta name=\"twitter:label1\" content=\"Tiempo de lectura\" \/>\n\t<meta name=\"twitter:data1\" content=\"3 minutos\" \/>\n<script type=\"application\/ld+json\" class=\"yoast-schema-graph\">{\"@context\":\"https:\\\/\\\/schema.org\",\"@graph\":[{\"@type\":\"WebPage\",\"@id\":\"https:\\\/\\\/www.amidaarquitectura.com\\\/es\\\/servicios\\\/\",\"url\":\"https:\\\/\\\/www.amidaarquitectura.com\\\/es\\\/servicios\\\/\",\"name\":\"Servicios - Amida Arquitectura\",\"isPartOf\":{\"@id\":\"https:\\\/\\\/www.amidaarquitectura.com\\\/#website\"},\"datePublished\":\"2013-04-15T11:56:22+00:00\",\"dateModified\":\"2013-10-24T21:03:14+00:00\",\"description\":\"Despacho de arquitectura especializado en: dise\u00f1o, construcci\u00f3n, c\u00e9dulas de habitabilidad, certificados de efici\u00e9ncia energ\u00e9tica (CEE), inspecciones t\u00e9cnicas de edificios (ITE), tasaciones, seguridad y salud en las obras...\",\"breadcrumb\":{\"@id\":\"https:\\\/\\\/www.amidaarquitectura.com\\\/es\\\/servicios\\\/#breadcrumb\"},\"inLanguage\":\"es\",\"potentialAction\":[{\"@type\":\"ReadAction\",\"target\":[\"https:\\\/\\\/www.amidaarquitectura.com\\\/es\\\/servicios\\\/\"]}]},{\"@type\":\"BreadcrumbList\",\"@id\":\"https:\\\/\\\/www.amidaarquitectura.com\\\/es\\\/servicios\\\/#breadcrumb\",\"itemListElement\":[{\"@type\":\"ListItem\",\"position\":1,\"name\":\"Inici\",\"item\":\"https:\\\/\\\/www.amidaarquitectura.com\\\/es\\\/\"},{\"@type\":\"ListItem\",\"position\":2,\"name\":\"Servicios\"}]},{\"@type\":\"WebSite\",\"@id\":\"https:\\\/\\\/www.amidaarquitectura.com\\\/#website\",\"url\":\"https:\\\/\\\/www.amidaarquitectura.com\\\/\",\"name\":\"Amida Arquitectura\",\"description\":\"\",\"potentialAction\":[{\"@type\":\"SearchAction\",\"target\":{\"@type\":\"EntryPoint\",\"urlTemplate\":\"https:\\\/\\\/www.amidaarquitectura.com\\\/?s={search_term_string}\"},\"query-input\":{\"@type\":\"PropertyValueSpecification\",\"valueRequired\":true,\"valueName\":\"search_term_string\"}}],\"inLanguage\":\"es\"}]}<\/script>\n<!-- \/ Yoast SEO plugin. -->","yoast_head_json":{"title":"Servicios - Amida Arquitectura","description":"Despacho de arquitectura especializado en: dise\u00f1o, construcci\u00f3n, c\u00e9dulas de habitabilidad, certificados de efici\u00e9ncia energ\u00e9tica (CEE), inspecciones t\u00e9cnicas de edificios (ITE), tasaciones, seguridad y salud en las obras...","robots":{"index":"index","follow":"follow","max-snippet":"max-snippet:-1","max-image-preview":"max-image-preview:large","max-video-preview":"max-video-preview:-1"},"canonical":"https:\/\/www.amidaarquitectura.com\/es\/servicios\/","og_locale":"es_ES","og_type":"article","og_title":"Servicios - Amida Arquitectura","og_description":"Despacho de arquitectura especializado en: dise\u00f1o, construcci\u00f3n, c\u00e9dulas de habitabilidad, certificados de efici\u00e9ncia energ\u00e9tica (CEE), inspecciones t\u00e9cnicas de edificios (ITE), tasaciones, seguridad y salud en las obras...","og_url":"https:\/\/www.amidaarquitectura.com\/es\/servicios\/","og_site_name":"Amida Arquitectura","article_modified_time":"2013-10-24T21:03:14+00:00","twitter_misc":{"Tiempo de lectura":"3 minutos"},"schema":{"@context":"https:\/\/schema.org","@graph":[{"@type":"WebPage","@id":"https:\/\/www.amidaarquitectura.com\/es\/servicios\/","url":"https:\/\/www.amidaarquitectura.com\/es\/servicios\/","name":"Servicios - Amida Arquitectura","isPartOf":{"@id":"https:\/\/www.amidaarquitectura.com\/#website"},"datePublished":"2013-04-15T11:56:22+00:00","dateModified":"2013-10-24T21:03:14+00:00","description":"Despacho de arquitectura especializado en: dise\u00f1o, construcci\u00f3n, c\u00e9dulas de habitabilidad, certificados de efici\u00e9ncia energ\u00e9tica (CEE), inspecciones t\u00e9cnicas de edificios (ITE), tasaciones, seguridad y salud en las obras...","breadcrumb":{"@id":"https:\/\/www.amidaarquitectura.com\/es\/servicios\/#breadcrumb"},"inLanguage":"es","potentialAction":[{"@type":"ReadAction","target":["https:\/\/www.amidaarquitectura.com\/es\/servicios\/"]}]},{"@type":"BreadcrumbList","@id":"https:\/\/www.amidaarquitectura.com\/es\/servicios\/#breadcrumb","itemListElement":[{"@type":"ListItem","position":1,"name":"Inici","item":"https:\/\/www.amidaarquitectura.com\/es\/"},{"@type":"ListItem","position":2,"name":"Servicios"}]},{"@type":"WebSite","@id":"https:\/\/www.amidaarquitectura.com\/#website","url":"https:\/\/www.amidaarquitectura.com\/","name":"Amida Arquitectura","description":"","potentialAction":[{"@type":"SearchAction","target":{"@type":"EntryPoint","urlTemplate":"https:\/\/www.amidaarquitectura.com\/?s={search_term_string}"},"query-input":{"@type":"PropertyValueSpecification","valueRequired":true,"valueName":"search_term_string"}}],"inLanguage":"es"}]}},"jetpack_sharing_enabled":true,"_links":{"self":[{"href":"https:\/\/www.amidaarquitectura.com\/es\/wp-json\/wp\/v2\/pages\/332","targetHints":{"allow":["GET"]}}],"collection":[{"href":"https:\/\/www.amidaarquitectura.com\/es\/wp-json\/wp\/v2\/pages"}],"about":[{"href":"https:\/\/www.amidaarquitectura.com\/es\/wp-json\/wp\/v2\/types\/page"}],"author":[{"embeddable":true,"href":"https:\/\/www.amidaarquitectura.com\/es\/wp-json\/wp\/v2\/users\/5"}],"replies":[{"embeddable":true,"href":"https:\/\/www.amidaarquitectura.com\/es\/wp-json\/wp\/v2\/comments?post=332"}],"version-history":[{"count":38,"href":"https:\/\/www.amidaarquitectura.com\/es\/wp-json\/wp\/v2\/pages\/332\/revisions"}],"predecessor-version":[{"id":335,"href":"https:\/\/www.amidaarquitectura.com\/es\/wp-json\/wp\/v2\/pages\/332\/revisions\/335"}],"wp:attachment":[{"href":"https:\/\/www.amidaarquitectura.com\/es\/wp-json\/wp\/v2\/media?parent=332"}],"curies":[{"name":"wp","href":"https:\/\/api.w.org\/{rel}","templated":true}]}}