{"id":21,"date":"2012-11-24T23:50:48","date_gmt":"2012-11-24T23:50:48","guid":{"rendered":"http:\/\/themes.swiftpsd.com\/pinpoint\/example-six\/?page_id=21"},"modified":"2013-09-17T18:31:09","modified_gmt":"2013-09-17T18:31:09","slug":"contacto","status":"publish","type":"page","link":"https:\/\/www.amidaarquitectura.com\/es\/contacto\/","title":{"rendered":"Contacto"},"content":{"rendered":"<div class=\"row-fluid\">\n\t<div class=\"wpb_content_element span8 wpb_raw_html\">\n\t\t<div class=\"wpb_wrapper\">\n\t\t\t <div class=\"iframe-rwd\"><iframe loading=\"lazy\" width=\"600\" height=\"520\" frameborder=\"0\" scrolling=\"no\" marginheight=\"0\" marginwidth=\"0\" src=\"https:\/\/maps.google.es\/maps\/ms?msa=0&msid=213909093396169477045.0004e69844f1439a7e38c&hl=ca&ie=UTF8&t=m&ll=41.613525,0.623442&spn=0.00385,0.006866&z=17&output=embed\"><\/iframe><\/div><br \/><small><a href=\"https:\/\/www.google.es\/maps?sll=41.61834230000001,0.6198862999999971&sspn=0.09856416757869617,0.175797824121503&t=m&q=Carrer+la+Palma+6,+LLEIDA&dg=opt&ie=UTF8&hq=&hnear=Carrer+la+Palma,+6,+25002+Lleida&ll=41.618939,0.624547&spn=0.0154,0.027466&z=15&iwloc=A&source=embed\" style=\"color:#0000FF;text-align:left\" target=\"_blank\">Ver el mapa m&aacutes grande<\/a><\/small><br \/><br \/>\n\t\t<\/div> \n\t<\/div>  \n\t<div class=\"wpb_content_element span4 contact-page wpb_text_column\">\n\t\t<div class=\"wpb_wrapper clearfix\">\n\t\t\t\n<p><span class=\"dades\">Amida Arquitectura<br \/>\nc\/ la Palma 6-10, 4t 5a . 25002 Lleida<br \/>\nT. 973 221 613<br \/>\n<a href=\"mailto:info@amidaarquitectura.com\">info@amidaarquitectura.com<\/a><\/span><\/p>\n\n<div class=\"wpcf7 no-js\" id=\"wpcf7-f487-o1\" lang=\"\" dir=\"ltr\" data-wpcf7-id=\"487\">\n<div class=\"screen-reader-response\"><p role=\"status\" aria-live=\"polite\" aria-atomic=\"true\"><\/p> <ul><\/ul><\/div>\n<form action=\"\/es\/wp-json\/wp\/v2\/pages\/21#wpcf7-f487-o1\" method=\"post\" class=\"wpcf7-form init\" aria-label=\"Formulario de contacto\" novalidate=\"novalidate\" data-status=\"init\">\n<fieldset class=\"hidden-fields-container\"><input type=\"hidden\" name=\"_wpcf7\" value=\"487\" \/><input type=\"hidden\" name=\"_wpcf7_version\" value=\"6.1.5\" \/><input type=\"hidden\" name=\"_wpcf7_locale\" value=\"\" \/><input type=\"hidden\" name=\"_wpcf7_unit_tag\" value=\"wpcf7-f487-o1\" \/><input type=\"hidden\" name=\"_wpcf7_container_post\" value=\"0\" \/><input type=\"hidden\" name=\"_wpcf7_posted_data_hash\" value=\"\" \/>\n<\/fieldset>\n<p>Tu nombre (requerido)\n<\/p>\n<p><span class=\"wpcf7-form-control-wrap\" data-name=\"your-name\"><input size=\"40\" maxlength=\"400\" class=\"wpcf7-form-control wpcf7-text wpcf7-validates-as-required camps\" aria-required=\"true\" aria-invalid=\"false\" value=\"\" type=\"text\" name=\"your-name\" \/><\/span>\n<\/p>\n<p>Tu Email (requerido)\n<\/p>\n<p><span class=\"wpcf7-form-control-wrap\" data-name=\"your-email\"><input size=\"40\" maxlength=\"400\" class=\"wpcf7-form-control wpcf7-email wpcf7-validates-as-required wpcf7-text wpcf7-validates-as-email camps\" aria-required=\"true\" aria-invalid=\"false\" value=\"\" type=\"email\" name=\"your-email\" \/><\/span>\n<\/p>\n<p>Asunto\n<\/p>\n<p><span class=\"wpcf7-form-control-wrap\" data-name=\"your-subject\"><input size=\"40\" maxlength=\"400\" class=\"wpcf7-form-control wpcf7-text camps\" aria-invalid=\"false\" value=\"\" type=\"text\" name=\"your-subject\" \/><\/span>\n<\/p>\n<p>Tu Mensaje\n<\/p>\n<p><span class=\"wpcf7-form-control-wrap\" data-name=\"your-message\"><textarea cols=\"40\" rows=\"10\" maxlength=\"2000\" class=\"wpcf7-form-control wpcf7-textarea\" aria-invalid=\"false\" name=\"your-message\"><\/textarea><\/span>\n<\/p>\n<p><input class=\"wpcf7-form-control wpcf7-submit has-spinner enviarform\" id=\"enviar\" type=\"submit\" value=\"Enviar\" \/>\n<\/p><div class=\"wpcf7-response-output\" aria-hidden=\"true\"><\/div>\n<\/form>\n<\/div>\n\n\n\t\t<\/div> \n\t<\/div> <\/div> <div class=\"blank_spacer\" style=\"height:40px;\"><\/div>\n\n","protected":false},"excerpt":{"rendered":"","protected":false},"author":5,"featured_media":0,"parent":0,"menu_order":0,"comment_status":"open","ping_status":"open","template":"","meta":{"footnotes":""},"class_list":["post-21","page","type-page","status-publish","hentry"],"yoast_head":"<!-- This site is optimized with the Yoast SEO plugin v27.5 - https:\/\/yoast.com\/product\/yoast-seo-wordpress\/ -->\n<title>Contacto - Amida Arquitectura<\/title>\n<meta name=\"description\" content=\"Despacho de arquitectura especializado en: dise\u00f1o, construcci\u00f3n, c\u00e9dulas de habitabilidad, certificados de efici\u00e9ncia energ\u00e9tica (CEE), inspecciones t\u00e9cnicas de edificios (ITE), tasaciones, seguridad y salud en las obras...\" \/>\n<meta name=\"robots\" content=\"index, follow, max-snippet:-1, max-image-preview:large, max-video-preview:-1\" \/>\n<link rel=\"canonical\" href=\"https:\/\/www.amidaarquitectura.com\/es\/contacto\/\" \/>\n<meta property=\"og:locale\" content=\"es_ES\" \/>\n<meta property=\"og:type\" content=\"article\" \/>\n<meta property=\"og:title\" content=\"Contacto - Amida Arquitectura\" \/>\n<meta property=\"og:description\" content=\"Despacho de arquitectura especializado en: dise\u00f1o, construcci\u00f3n, c\u00e9dulas de habitabilidad, certificados de efici\u00e9ncia energ\u00e9tica (CEE), inspecciones t\u00e9cnicas de edificios (ITE), tasaciones, seguridad y salud en las obras...\" \/>\n<meta property=\"og:url\" content=\"https:\/\/www.amidaarquitectura.com\/es\/contacto\/\" \/>\n<meta property=\"og:site_name\" content=\"Amida Arquitectura\" \/>\n<meta property=\"article:modified_time\" content=\"2013-09-17T18:31:09+00:00\" \/>\n<meta name=\"twitter:label1\" content=\"Tiempo de lectura\" \/>\n\t<meta name=\"twitter:data1\" content=\"1 minuto\" \/>\n<script type=\"application\/ld+json\" class=\"yoast-schema-graph\">{\"@context\":\"https:\\\/\\\/schema.org\",\"@graph\":[{\"@type\":\"WebPage\",\"@id\":\"https:\\\/\\\/www.amidaarquitectura.com\\\/es\\\/contacto\\\/\",\"url\":\"https:\\\/\\\/www.amidaarquitectura.com\\\/es\\\/contacto\\\/\",\"name\":\"Contacto - Amida Arquitectura\",\"isPartOf\":{\"@id\":\"https:\\\/\\\/www.amidaarquitectura.com\\\/#website\"},\"datePublished\":\"2012-11-24T23:50:48+00:00\",\"dateModified\":\"2013-09-17T18:31:09+00:00\",\"description\":\"Despacho de arquitectura especializado en: dise\u00f1o, construcci\u00f3n, c\u00e9dulas de habitabilidad, certificados de efici\u00e9ncia energ\u00e9tica (CEE), inspecciones t\u00e9cnicas de edificios (ITE), tasaciones, seguridad y salud en las obras...\",\"breadcrumb\":{\"@id\":\"https:\\\/\\\/www.amidaarquitectura.com\\\/es\\\/contacto\\\/#breadcrumb\"},\"inLanguage\":\"es\",\"potentialAction\":[{\"@type\":\"ReadAction\",\"target\":[\"https:\\\/\\\/www.amidaarquitectura.com\\\/es\\\/contacto\\\/\"]}]},{\"@type\":\"BreadcrumbList\",\"@id\":\"https:\\\/\\\/www.amidaarquitectura.com\\\/es\\\/contacto\\\/#breadcrumb\",\"itemListElement\":[{\"@type\":\"ListItem\",\"position\":1,\"name\":\"Inici\",\"item\":\"https:\\\/\\\/www.amidaarquitectura.com\\\/es\\\/\"},{\"@type\":\"ListItem\",\"position\":2,\"name\":\"Contacto\"}]},{\"@type\":\"WebSite\",\"@id\":\"https:\\\/\\\/www.amidaarquitectura.com\\\/#website\",\"url\":\"https:\\\/\\\/www.amidaarquitectura.com\\\/\",\"name\":\"Amida Arquitectura\",\"description\":\"\",\"potentialAction\":[{\"@type\":\"SearchAction\",\"target\":{\"@type\":\"EntryPoint\",\"urlTemplate\":\"https:\\\/\\\/www.amidaarquitectura.com\\\/?s={search_term_string}\"},\"query-input\":{\"@type\":\"PropertyValueSpecification\",\"valueRequired\":true,\"valueName\":\"search_term_string\"}}],\"inLanguage\":\"es\"}]}<\/script>\n<!-- \/ Yoast SEO plugin. -->","yoast_head_json":{"title":"Contacto - Amida Arquitectura","description":"Despacho de arquitectura especializado en: dise\u00f1o, construcci\u00f3n, c\u00e9dulas de habitabilidad, certificados de efici\u00e9ncia energ\u00e9tica (CEE), inspecciones t\u00e9cnicas de edificios (ITE), tasaciones, seguridad y salud en las obras...","robots":{"index":"index","follow":"follow","max-snippet":"max-snippet:-1","max-image-preview":"max-image-preview:large","max-video-preview":"max-video-preview:-1"},"canonical":"https:\/\/www.amidaarquitectura.com\/es\/contacto\/","og_locale":"es_ES","og_type":"article","og_title":"Contacto - Amida Arquitectura","og_description":"Despacho de arquitectura especializado en: dise\u00f1o, construcci\u00f3n, c\u00e9dulas de habitabilidad, certificados de efici\u00e9ncia energ\u00e9tica (CEE), inspecciones t\u00e9cnicas de edificios (ITE), tasaciones, seguridad y salud en las obras...","og_url":"https:\/\/www.amidaarquitectura.com\/es\/contacto\/","og_site_name":"Amida Arquitectura","article_modified_time":"2013-09-17T18:31:09+00:00","twitter_misc":{"Tiempo de lectura":"1 minuto"},"schema":{"@context":"https:\/\/schema.org","@graph":[{"@type":"WebPage","@id":"https:\/\/www.amidaarquitectura.com\/es\/contacto\/","url":"https:\/\/www.amidaarquitectura.com\/es\/contacto\/","name":"Contacto - Amida Arquitectura","isPartOf":{"@id":"https:\/\/www.amidaarquitectura.com\/#website"},"datePublished":"2012-11-24T23:50:48+00:00","dateModified":"2013-09-17T18:31:09+00:00","description":"Despacho de arquitectura especializado en: dise\u00f1o, construcci\u00f3n, c\u00e9dulas de habitabilidad, certificados de efici\u00e9ncia energ\u00e9tica (CEE), inspecciones t\u00e9cnicas de edificios (ITE), tasaciones, seguridad y salud en las obras...","breadcrumb":{"@id":"https:\/\/www.amidaarquitectura.com\/es\/contacto\/#breadcrumb"},"inLanguage":"es","potentialAction":[{"@type":"ReadAction","target":["https:\/\/www.amidaarquitectura.com\/es\/contacto\/"]}]},{"@type":"BreadcrumbList","@id":"https:\/\/www.amidaarquitectura.com\/es\/contacto\/#breadcrumb","itemListElement":[{"@type":"ListItem","position":1,"name":"Inici","item":"https:\/\/www.amidaarquitectura.com\/es\/"},{"@type":"ListItem","position":2,"name":"Contacto"}]},{"@type":"WebSite","@id":"https:\/\/www.amidaarquitectura.com\/#website","url":"https:\/\/www.amidaarquitectura.com\/","name":"Amida Arquitectura","description":"","potentialAction":[{"@type":"SearchAction","target":{"@type":"EntryPoint","urlTemplate":"https:\/\/www.amidaarquitectura.com\/?s={search_term_string}"},"query-input":{"@type":"PropertyValueSpecification","valueRequired":true,"valueName":"search_term_string"}}],"inLanguage":"es"}]}},"jetpack_sharing_enabled":true,"_links":{"self":[{"href":"https:\/\/www.amidaarquitectura.com\/es\/wp-json\/wp\/v2\/pages\/21","targetHints":{"allow":["GET"]}}],"collection":[{"href":"https:\/\/www.amidaarquitectura.com\/es\/wp-json\/wp\/v2\/pages"}],"about":[{"href":"https:\/\/www.amidaarquitectura.com\/es\/wp-json\/wp\/v2\/types\/page"}],"author":[{"embeddable":true,"href":"https:\/\/www.amidaarquitectura.com\/es\/wp-json\/wp\/v2\/users\/5"}],"replies":[{"embeddable":true,"href":"https:\/\/www.amidaarquitectura.com\/es\/wp-json\/wp\/v2\/comments?post=21"}],"version-history":[{"count":37,"href":"https:\/\/www.amidaarquitectura.com\/es\/wp-json\/wp\/v2\/pages\/21\/revisions"}],"predecessor-version":[{"id":1618,"href":"https:\/\/www.amidaarquitectura.com\/es\/wp-json\/wp\/v2\/pages\/21\/revisions\/1618"}],"wp:attachment":[{"href":"https:\/\/www.amidaarquitectura.com\/es\/wp-json\/wp\/v2\/media?parent=21"}],"curies":[{"name":"wp","href":"https:\/\/api.w.org\/{rel}","templated":true}]}}