{"id":13,"date":"2012-11-24T23:47:31","date_gmt":"2012-11-24T23:47:31","guid":{"rendered":"http:\/\/themes.swiftpsd.com\/pinpoint\/example-six\/?page_id=13"},"modified":"2013-07-06T15:52:38","modified_gmt":"2013-07-06T15:52:38","slug":"proyectos","status":"publish","type":"page","link":"https:\/\/www.amidaarquitectura.com\/es\/proyectos\/","title":{"rendered":"Proyectos"},"content":{"rendered":"<div class=\"row-fluid\">\n\t<div class=\"wpb_portfolio_widget wpb_content_element span12 relacio-projectes\">\n\t\t<div class=\"wpb_wrapper portfolio-wrap\">\n\t\t\t\t<ul class=\"portfolio-items filterable-items  clearfix\"><li data-id=\"id-0\" class=\"clearfix portfolio-item thirds standard image-item columns obra-nueva \"><figure><a href=\"https:\/\/www.amidaarquitectura.com\/es\/cpt-projectes\/ciutatjardil\/\" class=\"link-to-post\"><div class=\"overlay\"><div class=\"thumb-info\"><i class=\"icon-file\"><\/i><\/div><\/div><img loading=\"lazy\" decoding=\"async\" src=\"https:\/\/www.amidaarquitectura.com\/wp-content\/uploads\/2020\/09\/IMG_20190614_163054_MINI_resize-1.jpg\" width=\"300\" height=\"159\" alt=\"Ciutat Jard\u00ed L\" \/><\/a><\/figure><div class=\"portfolio-item-details\"><h4 class=\"portfolio-item-title\"><a href=\"https:\/\/www.amidaarquitectura.com\/es\/cpt-projectes\/ciutatjardil\/\" class=\"link-to-post\">Ciutat Jard\u00ed L<\/a><\/h4><div class=\"portfolio-item-excerpt\"><p>Obra nueva<\/p>\n<\/div><\/div><\/li><li data-id=\"id-1\" class=\"clearfix portfolio-item thirds standard image-item columns obra-nueva \"><figure><a href=\"https:\/\/www.amidaarquitectura.com\/es\/cpt-projectes\/casa-residencial\/\" class=\"link-to-post\"><div class=\"overlay\"><div class=\"thumb-info\"><i class=\"icon-file\"><\/i><\/div><\/div><img loading=\"lazy\" decoding=\"async\" src=\"https:\/\/www.amidaarquitectura.com\/wp-content\/uploads\/2020\/09\/IMG_0270_resizeMINI-3.jpg\" width=\"401\" height=\"213\" alt=\"Casa Residencial\" \/><\/a><\/figure><div class=\"portfolio-item-details\"><h4 class=\"portfolio-item-title\"><a href=\"https:\/\/www.amidaarquitectura.com\/es\/cpt-projectes\/casa-residencial\/\" class=\"link-to-post\">Casa Residencial<\/a><\/h4><div class=\"portfolio-item-excerpt\"><p>Obra nueva<\/p>\n<\/div><\/div><\/li><li data-id=\"id-2\" class=\"clearfix portfolio-item thirds standard image-item columns rehabilitaci\u00f3n \"><figure><a href=\"https:\/\/www.amidaarquitectura.com\/es\/cpt-projectes\/cal-tonarro-r\/\" class=\"link-to-post\"><div class=\"overlay\"><div class=\"thumb-info\"><i class=\"icon-file\"><\/i><\/div><\/div><img loading=\"lazy\" decoding=\"async\" src=\"https:\/\/www.amidaarquitectura.com\/wp-content\/uploads\/2020\/06\/DSC_0207_resizeRESIZE_resize-1.jpg\" width=\"300\" height=\"159\" alt=\"Cal Tonarro\" \/><\/a><\/figure><div class=\"portfolio-item-details\"><h4 class=\"portfolio-item-title\"><a href=\"https:\/\/www.amidaarquitectura.com\/es\/cpt-projectes\/cal-tonarro-r\/\" class=\"link-to-post\">Cal Tonarro<\/a><\/h4><div class=\"portfolio-item-excerpt\"><p>Rehabilitaci\u00f3n<\/p>\n<\/div><\/div><\/li><li data-id=\"id-3\" class=\"clearfix portfolio-item thirds standard image-item columns interiorismo \"><figure><a href=\"https:\/\/www.amidaarquitectura.com\/es\/cpt-projectes\/caltonarro01es-2\/\" class=\"link-to-post\"><div class=\"overlay\"><div class=\"thumb-info\"><i class=\"icon-file\"><\/i><\/div><\/div><img loading=\"lazy\" decoding=\"async\" src=\"https:\/\/www.amidaarquitectura.com\/wp-content\/uploads\/2020\/05\/fusteria_caltonarro_05_resizeRES_resize-4.jpg\" width=\"300\" height=\"159\" alt=\"Cal Tonarro-02\" \/><\/a><\/figure><div class=\"portfolio-item-details\"><h4 class=\"portfolio-item-title\"><a href=\"https:\/\/www.amidaarquitectura.com\/es\/cpt-projectes\/caltonarro01es-2\/\" class=\"link-to-post\">Cal Tonarro-02<\/a><\/h4><div class=\"portfolio-item-excerpt\"><p>Interiorismo<\/p>\n<\/div><\/div><\/li><li data-id=\"id-4\" class=\"clearfix portfolio-item thirds standard image-item columns interiorismo \"><figure><a href=\"https:\/\/www.amidaarquitectura.com\/es\/cpt-projectes\/caltonarro01es\/\" class=\"link-to-post\"><div class=\"overlay\"><div class=\"thumb-info\"><i class=\"icon-file\"><\/i><\/div><\/div><img loading=\"lazy\" decoding=\"async\" src=\"https:\/\/www.amidaarquitectura.com\/wp-content\/uploads\/2020\/05\/fusteria_caltonarro_05_resizeRES_resize-4.jpg\" width=\"300\" height=\"159\" alt=\"Cal Tonarro\" \/><\/a><\/figure><div class=\"portfolio-item-details\"><h4 class=\"portfolio-item-title\"><a href=\"https:\/\/www.amidaarquitectura.com\/es\/cpt-projectes\/caltonarro01es\/\" class=\"link-to-post\">Cal Tonarro<\/a><\/h4><div class=\"portfolio-item-excerpt\"><p>Interiorismo<\/p>\n<\/div><\/div><\/li><li data-id=\"id-5\" class=\"clearfix portfolio-item thirds standard image-item columns rehabilitaci\u00f3n \"><figure><a href=\"https:\/\/www.amidaarquitectura.com\/es\/cpt-projectes\/ciutat-de-reus-2-2-2-2\/\" class=\"link-to-post\"><div class=\"overlay\"><div class=\"thumb-info\"><i class=\"icon-file\"><\/i><\/div><\/div><img loading=\"lazy\" decoding=\"async\" src=\"https:\/\/www.amidaarquitectura.com\/wp-content\/uploads\/2020\/05\/MARIUS-2016-05-19-11.16.41_resize_resize-3-1.jpg\" width=\"300\" height=\"159\" alt=\"M\u00e0rius\" \/><\/a><\/figure><div class=\"portfolio-item-details\"><h4 class=\"portfolio-item-title\"><a href=\"https:\/\/www.amidaarquitectura.com\/es\/cpt-projectes\/ciutat-de-reus-2-2-2-2\/\" class=\"link-to-post\">M\u00e0rius<\/a><\/h4><div class=\"portfolio-item-excerpt\"><p>Rehabilitaci\u00f3n<\/p>\n<\/div><\/div><\/li><li data-id=\"id-6\" class=\"clearfix portfolio-item thirds standard image-item columns rehabilitaci\u00f3n \"><figure><a href=\"https:\/\/www.amidaarquitectura.com\/es\/cpt-projectes\/ciutat-de-reus-2-2-2\/\" class=\"link-to-post\"><div class=\"overlay\"><div class=\"thumb-info\"><i class=\"icon-file\"><\/i><\/div><\/div><img loading=\"lazy\" decoding=\"async\" src=\"https:\/\/www.amidaarquitectura.com\/wp-content\/uploads\/2020\/05\/IMG_20170320_084506_resize_resize-1.jpg\" width=\"285\" height=\"160\" alt=\"Gav\u00e0\" \/><\/a><\/figure><div class=\"portfolio-item-details\"><h4 class=\"portfolio-item-title\"><a href=\"https:\/\/www.amidaarquitectura.com\/es\/cpt-projectes\/ciutat-de-reus-2-2-2\/\" class=\"link-to-post\">Gav\u00e0<\/a><\/h4><div class=\"portfolio-item-excerpt\"><p>Rehabilitaci\u00f3n<\/p>\n<\/div><\/div><\/li><li data-id=\"id-7\" class=\"clearfix portfolio-item thirds standard image-item columns obra-nueva \"><figure><a href=\"https:\/\/www.amidaarquitectura.com\/es\/cpt-projectes\/ciutat-jardi-2\/\" class=\"link-to-post\"><div class=\"overlay\"><div class=\"thumb-info\"><i class=\"icon-file\"><\/i><\/div><\/div><img loading=\"lazy\" decoding=\"async\" src=\"https:\/\/www.amidaarquitectura.com\/wp-content\/uploads\/2020\/04\/P1120889_resizeResize-1-3-4.jpg\" width=\"241\" height=\"128\" alt=\"Manel\" \/><\/a><\/figure><div class=\"portfolio-item-details\"><h4 class=\"portfolio-item-title\"><a href=\"https:\/\/www.amidaarquitectura.com\/es\/cpt-projectes\/ciutat-jardi-2\/\" class=\"link-to-post\">Manel<\/a><\/h4><div class=\"portfolio-item-excerpt\"><p>Obra nueva<\/p>\n<\/div><\/div><\/li><li data-id=\"id-8\" class=\"clearfix portfolio-item thirds standard image-item columns rehabilitaci\u00f3n \"><figure><a href=\"https:\/\/www.amidaarquitectura.com\/es\/cpt-projectes\/ciutat-de-reus-2-2\/\" class=\"link-to-post\"><div class=\"overlay\"><div class=\"thumb-info\"><i class=\"icon-file\"><\/i><\/div><\/div><img loading=\"lazy\" decoding=\"async\" src=\"https:\/\/www.amidaarquitectura.com\/wp-content\/uploads\/2020\/04\/IMG_8042_resizeR_resize-1-2.jpg\" width=\"300\" height=\"160\" alt=\"Gallifa\" \/><\/a><\/figure><div class=\"portfolio-item-details\"><h4 class=\"portfolio-item-title\"><a href=\"https:\/\/www.amidaarquitectura.com\/es\/cpt-projectes\/ciutat-de-reus-2-2\/\" class=\"link-to-post\">Gallifa<\/a><\/h4><div class=\"portfolio-item-excerpt\"><p>Rehabilitaci\u00f3n<\/p>\n<\/div><\/div><\/li><li data-id=\"id-9\" class=\"clearfix portfolio-item thirds standard image-item columns rehabilitaci\u00f3n \"><figure><a href=\"https:\/\/www.amidaarquitectura.com\/es\/cpt-projectes\/ciutat-de-reus-2\/\" class=\"link-to-post\"><div class=\"overlay\"><div class=\"thumb-info\"><i class=\"icon-file\"><\/i><\/div><\/div><img loading=\"lazy\" decoding=\"async\" src=\"https:\/\/www.amidaarquitectura.com\/wp-content\/uploads\/2020\/04\/DSC_0081_ResizeResize_resize-1.jpg\" width=\"300\" height=\"160\" alt=\"Ciutat de Reus\" \/><\/a><\/figure><div class=\"portfolio-item-details\"><h4 class=\"portfolio-item-title\"><a href=\"https:\/\/www.amidaarquitectura.com\/es\/cpt-projectes\/ciutat-de-reus-2\/\" class=\"link-to-post\">Ciutat de Reus<\/a><\/h4><div class=\"portfolio-item-excerpt\"><p>Rehabilitaci\u00f3n<\/p>\n<\/div><\/div><\/li><li data-id=\"id-10\" class=\"clearfix portfolio-item thirds standard image-item columns interiorismo \"><figure><a href=\"https:\/\/www.amidaarquitectura.com\/es\/cpt-projectes\/ciutat-jardi\/\" class=\"link-to-post\"><div class=\"overlay\"><div class=\"thumb-info\"><i class=\"icon-file\"><\/i><\/div><\/div><img loading=\"lazy\" decoding=\"async\" src=\"https:\/\/www.amidaarquitectura.com\/wp-content\/uploads\/2020\/03\/DSC0029_resize_resize-1-1-1.jpg\" width=\"300\" height=\"201\" alt=\"Ciutat Jard\u00ed\" \/><\/a><\/figure><div class=\"portfolio-item-details\"><h4 class=\"portfolio-item-title\"><a href=\"https:\/\/www.amidaarquitectura.com\/es\/cpt-projectes\/ciutat-jardi\/\" class=\"link-to-post\">Ciutat Jard\u00ed<\/a><\/h4><div class=\"portfolio-item-excerpt\"><p>Interiorismo<\/p>\n<\/div><\/div><\/li><li data-id=\"id-11\" class=\"clearfix portfolio-item thirds standard image-item columns obra-nueva \"><figure><a href=\"https:\/\/www.amidaarquitectura.com\/es\/cpt-projectes\/ciutat-jardi-2-2\/\" class=\"link-to-post\"><div class=\"overlay\"><div class=\"thumb-info\"><i class=\"icon-file\"><\/i><\/div><\/div><img loading=\"lazy\" decoding=\"async\" src=\"https:\/\/www.amidaarquitectura.com\/wp-content\/uploads\/2020\/04\/DSC0144_resize-1.jpg\" width=\"239\" height=\"160\" alt=\"Ciutat Jard\u00ed\" \/><\/a><\/figure><div class=\"portfolio-item-details\"><h4 class=\"portfolio-item-title\"><a href=\"https:\/\/www.amidaarquitectura.com\/es\/cpt-projectes\/ciutat-jardi-2-2\/\" class=\"link-to-post\">Ciutat Jard\u00ed<\/a><\/h4><div class=\"portfolio-item-excerpt\"><p>Obra nueva<\/p>\n<\/div><\/div><\/li><li data-id=\"id-12\" class=\"clearfix portfolio-item thirds standard image-item columns rehabilitaci\u00f3n \"><figure><a href=\"https:\/\/www.amidaarquitectura.com\/es\/cpt-projectes\/millora-de-laccessibilitat\/\" class=\"link-to-post\"><div class=\"overlay\"><div class=\"thumb-info\"><i class=\"icon-file\"><\/i><\/div><\/div><img loading=\"lazy\" decoding=\"async\" src=\"https:\/\/www.amidaarquitectura.com\/wp-content\/uploads\/2015\/08\/DSC0167_resize-335x315.jpg\" width=\"335\" height=\"315\" alt=\"Mejora de la accesibilidad\" \/><\/a><\/figure><div class=\"portfolio-item-details\"><h4 class=\"portfolio-item-title\"><a href=\"https:\/\/www.amidaarquitectura.com\/es\/cpt-projectes\/millora-de-laccessibilitat\/\" class=\"link-to-post\">Mejora de la accesibilidad<\/a><\/h4><div class=\"portfolio-item-excerpt\"><p>Rehabilitaci\u00f3n<\/p>\n<\/div><\/div><\/li><li data-id=\"id-13\" class=\"clearfix portfolio-item thirds standard image-item columns obra-nueva \"><figure><a href=\"https:\/\/www.amidaarquitectura.com\/es\/cpt-projectes\/casa-agramunt\/\" class=\"link-to-post\"><div class=\"overlay\"><div class=\"thumb-info\"><i class=\"icon-file\"><\/i><\/div><\/div><img loading=\"lazy\" decoding=\"async\" src=\"https:\/\/www.amidaarquitectura.com\/wp-content\/uploads\/2013\/10\/icona-agramunt.gif\" width=\"300\" height=\"160\" alt=\"Casa en Agramunt\" \/><\/a><\/figure><div class=\"portfolio-item-details\"><h4 class=\"portfolio-item-title\"><a href=\"https:\/\/www.amidaarquitectura.com\/es\/cpt-projectes\/casa-agramunt\/\" class=\"link-to-post\">Casa en Agramunt<\/a><\/h4><div class=\"portfolio-item-excerpt\"><p>Obra nueva<\/p>\n<\/div><\/div><\/li><li data-id=\"id-14\" class=\"clearfix portfolio-item thirds standard image-item columns interiorismo \"><figure><a href=\"https:\/\/www.amidaarquitectura.com\/es\/cpt-projectes\/escala-2\/\" class=\"link-to-post\"><div class=\"overlay\"><div class=\"thumb-info\"><i class=\"icon-file\"><\/i><\/div><\/div><img loading=\"lazy\" decoding=\"async\" src=\"https:\/\/www.amidaarquitectura.com\/wp-content\/uploads\/2008\/09\/iconoescalajudb.jpg\" width=\"300\" height=\"160\" alt=\"Escala 2\" \/><\/a><\/figure><div class=\"portfolio-item-details\"><h4 class=\"portfolio-item-title\"><a href=\"https:\/\/www.amidaarquitectura.com\/es\/cpt-projectes\/escala-2\/\" class=\"link-to-post\">Escala 2<\/a><\/h4><div class=\"portfolio-item-excerpt\"><p>Interiorismo<\/p>\n<\/div><\/div><\/li><li data-id=\"id-15\" class=\"clearfix portfolio-item thirds standard image-item columns obra-nueva \"><figure><a href=\"https:\/\/www.amidaarquitectura.com\/es\/cpt-projectes\/casa-patio\/\" class=\"link-to-post\"><div class=\"overlay\"><div class=\"thumb-info\"><i class=\"icon-file\"><\/i><\/div><\/div><img loading=\"lazy\" decoding=\"async\" src=\"https:\/\/www.amidaarquitectura.com\/wp-content\/uploads\/2008\/08\/ICONO-Lluis-Mireia-2.jpg\" width=\"300\" height=\"160\" alt=\"Casa patio\" \/><\/a><\/figure><div class=\"portfolio-item-details\"><h4 class=\"portfolio-item-title\"><a href=\"https:\/\/www.amidaarquitectura.com\/es\/cpt-projectes\/casa-patio\/\" class=\"link-to-post\">Casa patio<\/a><\/h4><div class=\"portfolio-item-excerpt\"><p>Obra nueva<\/p>\n<\/div><\/div><\/li><li data-id=\"id-16\" class=\"clearfix portfolio-item thirds standard image-item columns paisaje-urbano \"><figure><a href=\"https:\/\/www.amidaarquitectura.com\/es\/cpt-projectes\/plaza-de-la-fuente-de-los-tritones\/\" class=\"link-to-post\"><div class=\"overlay\"><div class=\"thumb-info\"><i class=\"icon-file\"><\/i><\/div><\/div><img loading=\"lazy\" decoding=\"async\" src=\"https:\/\/www.amidaarquitectura.com\/wp-content\/uploads\/2008\/04\/ICONO-Pl.Tritons-2.jpg\" width=\"300\" height=\"160\" alt=\"Plaza de la Fuente de los Tritones\" \/><\/a><\/figure><div class=\"portfolio-item-details\"><h4 class=\"portfolio-item-title\"><a href=\"https:\/\/www.amidaarquitectura.com\/es\/cpt-projectes\/plaza-de-la-fuente-de-los-tritones\/\" class=\"link-to-post\">Plaza de la Fuente de los Tritones<\/a><\/h4><div class=\"portfolio-item-excerpt\"><p>Paisaje urbano<\/p>\n<\/div><\/div><\/li><li data-id=\"id-17\" class=\"clearfix portfolio-item thirds standard image-item columns obra-nueva \"><figure><a href=\"https:\/\/www.amidaarquitectura.com\/es\/cpt-projectes\/casa-entre-jardines\/\" class=\"link-to-post\"><div class=\"overlay\"><div class=\"thumb-info\"><i class=\"icon-file\"><\/i><\/div><\/div><img loading=\"lazy\" decoding=\"async\" src=\"https:\/\/www.amidaarquitectura.com\/wp-content\/uploads\/2008\/03\/ICONO-David-Judith-2.jpg\" width=\"300\" height=\"160\" alt=\"Casa entre jardines\" \/><\/a><\/figure><div class=\"portfolio-item-details\"><h4 class=\"portfolio-item-title\"><a href=\"https:\/\/www.amidaarquitectura.com\/es\/cpt-projectes\/casa-entre-jardines\/\" class=\"link-to-post\">Casa entre jardines<\/a><\/h4><div class=\"portfolio-item-excerpt\"><p>Obra Nueva<\/p>\n<\/div><\/div><\/li><li data-id=\"id-18\" class=\"clearfix portfolio-item thirds standard image-item columns paisaje-urbano \"><figure><a href=\"https:\/\/www.amidaarquitectura.com\/es\/cpt-projectes\/iluminacion-seu-vella\/\" class=\"link-to-post\"><div class=\"overlay\"><div class=\"thumb-info\"><i class=\"icon-file\"><\/i><\/div><\/div><img loading=\"lazy\" decoding=\"async\" src=\"https:\/\/www.amidaarquitectura.com\/wp-content\/uploads\/2007\/07\/ICONO-Seu-vella-2.jpg\" width=\"300\" height=\"160\" alt=\"Iluminaci\u00f3n Seu Vella\" \/><\/a><\/figure><div class=\"portfolio-item-details\"><h4 class=\"portfolio-item-title\"><a href=\"https:\/\/www.amidaarquitectura.com\/es\/cpt-projectes\/iluminacion-seu-vella\/\" class=\"link-to-post\">Iluminaci\u00f3n Seu Vella<\/a><\/h4><div class=\"portfolio-item-excerpt\"><p>Paisaje Urbano<\/p>\n<\/div><\/div><\/li><li data-id=\"id-19\" class=\"clearfix portfolio-item thirds standard image-item columns obra-nueva \"><figure><a href=\"https:\/\/www.amidaarquitectura.com\/es\/cpt-projectes\/casa-en-l\/\" class=\"link-to-post\"><div class=\"overlay\"><div class=\"thumb-info\"><i class=\"icon-file\"><\/i><\/div><\/div><img loading=\"lazy\" decoding=\"async\" src=\"https:\/\/www.amidaarquitectura.com\/wp-content\/uploads\/2007\/07\/ICONO-Mario-Vanesa2.jpg\" width=\"300\" height=\"160\" alt=\"Casa en \u00abL\u00bb\" \/><\/a><\/figure><div class=\"portfolio-item-details\"><h4 class=\"portfolio-item-title\"><a href=\"https:\/\/www.amidaarquitectura.com\/es\/cpt-projectes\/casa-en-l\/\" class=\"link-to-post\">Casa en \u00abL\u00bb<\/a><\/h4><div class=\"portfolio-item-excerpt\"><p>Obra nueva<\/p>\n<\/div><\/div><\/li><li data-id=\"id-20\" class=\"clearfix portfolio-item thirds standard image-item columns rehabilitaci\u00f3n \"><figure><a href=\"https:\/\/www.amidaarquitectura.com\/es\/cpt-projectes\/madera-entre-medianeras\/\" class=\"link-to-post\"><div class=\"overlay\"><div class=\"thumb-info\"><i class=\"icon-file\"><\/i><\/div><\/div><img loading=\"lazy\" decoding=\"async\" src=\"https:\/\/www.amidaarquitectura.com\/wp-content\/uploads\/2013\/09\/Francesc4-420x315.jpg\" width=\"420\" height=\"315\" alt=\"Madera entre medianeras\" \/><\/a><\/figure><div class=\"portfolio-item-details\"><h4 class=\"portfolio-item-title\"><a href=\"https:\/\/www.amidaarquitectura.com\/es\/cpt-projectes\/madera-entre-medianeras\/\" class=\"link-to-post\">Madera entre medianeras<\/a><\/h4><div class=\"portfolio-item-excerpt\"><p>Rehabilitaci\u00f3n<\/p>\n<\/div><\/div><\/li><li data-id=\"id-21\" class=\"clearfix portfolio-item thirds standard image-item columns interiorismo \"><figure><a href=\"https:\/\/www.amidaarquitectura.com\/es\/cpt-projectes\/escalera-1\/\" class=\"link-to-post\"><div class=\"overlay\"><div class=\"thumb-info\"><i class=\"icon-file\"><\/i><\/div><\/div><img loading=\"lazy\" decoding=\"async\" src=\"https:\/\/www.amidaarquitectura.com\/wp-content\/uploads\/2007\/05\/ICONO-Barana-2.jpg\" width=\"300\" height=\"160\" alt=\"Escalera 1\" \/><\/a><\/figure><div class=\"portfolio-item-details\"><h4 class=\"portfolio-item-title\"><a href=\"https:\/\/www.amidaarquitectura.com\/es\/cpt-projectes\/escalera-1\/\" class=\"link-to-post\">Escalera 1<\/a><\/h4><div class=\"portfolio-item-excerpt\"><p>Interiorismo<\/p>\n<\/div><\/div><\/li><li data-id=\"id-22\" class=\"clearfix portfolio-item thirds standard image-item columns obra-nueva \"><figure><a href=\"https:\/\/www.amidaarquitectura.com\/es\/cpt-projectes\/casa-tubo-de-luz\/\" class=\"link-to-post\"><div class=\"overlay\"><div class=\"thumb-info\"><i class=\"icon-file\"><\/i><\/div><\/div><img loading=\"lazy\" decoding=\"async\" src=\"https:\/\/www.amidaarquitectura.com\/wp-content\/uploads\/2005\/10\/ICONO-Jordi-Beti4.jpg\" width=\"300\" height=\"160\" alt=\"Casa tubo de luz\" \/><\/a><\/figure><div class=\"portfolio-item-details\"><h4 class=\"portfolio-item-title\"><a href=\"https:\/\/www.amidaarquitectura.com\/es\/cpt-projectes\/casa-tubo-de-luz\/\" class=\"link-to-post\">Casa tubo de luz<\/a><\/h4><div class=\"portfolio-item-excerpt\"><p>Obra nueva<\/p>\n<\/div><\/div><\/li><li data-id=\"id-23\" class=\"clearfix portfolio-item thirds standard image-item columns obra-nueva \"><figure><a href=\"https:\/\/www.amidaarquitectura.com\/es\/cpt-projectes\/casa-entre-medianeras\/\" class=\"link-to-post\"><div class=\"overlay\"><div class=\"thumb-info\"><i class=\"icon-file\"><\/i><\/div><\/div><img loading=\"lazy\" decoding=\"async\" src=\"https:\/\/www.amidaarquitectura.com\/wp-content\/uploads\/2005\/05\/ICONO-Enric-Lorena-2.jpg\" width=\"300\" height=\"160\" alt=\"Casa entre medianeras\" \/><\/a><\/figure><div class=\"portfolio-item-details\"><h4 class=\"portfolio-item-title\"><a href=\"https:\/\/www.amidaarquitectura.com\/es\/cpt-projectes\/casa-entre-medianeras\/\" class=\"link-to-post\">Casa entre medianeras<\/a><\/h4><div class=\"portfolio-item-excerpt\"><p>Obra nueva<\/p>\n<\/div><\/div><\/li><\/ul>\n\t\t<\/div> \n\t<\/div> <\/div> <div class=\"blank_spacer\" style=\"height:46px;\"><\/div>\n\n","protected":false},"excerpt":{"rendered":"","protected":false},"author":5,"featured_media":0,"parent":0,"menu_order":0,"comment_status":"open","ping_status":"open","template":"","meta":{"footnotes":""},"class_list":["post-13","page","type-page","status-publish","hentry"],"yoast_head":"<!-- This site is optimized with the Yoast SEO plugin v27.3 - https:\/\/yoast.com\/product\/yoast-seo-wordpress\/ -->\n<title>Proyectos - Amida Arquitectura<\/title>\n<meta name=\"description\" content=\"Despacho de arquitectura especializado en: dise\u00f1o, construcci\u00f3n, c\u00e9dulas de habitabilidad, certificados de efici\u00e9ncia energ\u00e9tica (CEE), inspecciones t\u00e9cnicas de edificios (ITE), tasaciones, seguridad y salud en las obras...\" \/>\n<meta name=\"robots\" content=\"index, follow, max-snippet:-1, max-image-preview:large, max-video-preview:-1\" \/>\n<link rel=\"canonical\" href=\"https:\/\/www.amidaarquitectura.com\/es\/proyectos\/\" \/>\n<meta property=\"og:locale\" content=\"es_ES\" \/>\n<meta property=\"og:type\" content=\"article\" \/>\n<meta property=\"og:title\" content=\"Proyectos - Amida Arquitectura\" \/>\n<meta property=\"og:description\" content=\"Despacho de arquitectura especializado en: dise\u00f1o, construcci\u00f3n, c\u00e9dulas de habitabilidad, certificados de efici\u00e9ncia energ\u00e9tica (CEE), inspecciones t\u00e9cnicas de edificios (ITE), tasaciones, seguridad y salud en las obras...\" \/>\n<meta property=\"og:url\" content=\"https:\/\/www.amidaarquitectura.com\/es\/proyectos\/\" \/>\n<meta property=\"og:site_name\" content=\"Amida Arquitectura\" \/>\n<meta property=\"article:modified_time\" content=\"2013-07-06T15:52:38+00:00\" \/>\n<script type=\"application\/ld+json\" class=\"yoast-schema-graph\">{\"@context\":\"https:\\\/\\\/schema.org\",\"@graph\":[{\"@type\":\"WebPage\",\"@id\":\"https:\\\/\\\/www.amidaarquitectura.com\\\/es\\\/proyectos\\\/\",\"url\":\"https:\\\/\\\/www.amidaarquitectura.com\\\/es\\\/proyectos\\\/\",\"name\":\"Proyectos - Amida Arquitectura\",\"isPartOf\":{\"@id\":\"https:\\\/\\\/www.amidaarquitectura.com\\\/#website\"},\"datePublished\":\"2012-11-24T23:47:31+00:00\",\"dateModified\":\"2013-07-06T15:52:38+00:00\",\"description\":\"Despacho de arquitectura especializado en: dise\u00f1o, construcci\u00f3n, c\u00e9dulas de habitabilidad, certificados de efici\u00e9ncia energ\u00e9tica (CEE), inspecciones t\u00e9cnicas de edificios (ITE), tasaciones, seguridad y salud en las obras...\",\"breadcrumb\":{\"@id\":\"https:\\\/\\\/www.amidaarquitectura.com\\\/es\\\/proyectos\\\/#breadcrumb\"},\"inLanguage\":\"es\",\"potentialAction\":[{\"@type\":\"ReadAction\",\"target\":[\"https:\\\/\\\/www.amidaarquitectura.com\\\/es\\\/proyectos\\\/\"]}]},{\"@type\":\"BreadcrumbList\",\"@id\":\"https:\\\/\\\/www.amidaarquitectura.com\\\/es\\\/proyectos\\\/#breadcrumb\",\"itemListElement\":[{\"@type\":\"ListItem\",\"position\":1,\"name\":\"Inici\",\"item\":\"https:\\\/\\\/www.amidaarquitectura.com\\\/es\\\/\"},{\"@type\":\"ListItem\",\"position\":2,\"name\":\"Proyectos\"}]},{\"@type\":\"WebSite\",\"@id\":\"https:\\\/\\\/www.amidaarquitectura.com\\\/#website\",\"url\":\"https:\\\/\\\/www.amidaarquitectura.com\\\/\",\"name\":\"Amida Arquitectura\",\"description\":\"\",\"potentialAction\":[{\"@type\":\"SearchAction\",\"target\":{\"@type\":\"EntryPoint\",\"urlTemplate\":\"https:\\\/\\\/www.amidaarquitectura.com\\\/?s={search_term_string}\"},\"query-input\":{\"@type\":\"PropertyValueSpecification\",\"valueRequired\":true,\"valueName\":\"search_term_string\"}}],\"inLanguage\":\"es\"}]}<\/script>\n<!-- \/ Yoast SEO plugin. -->","yoast_head_json":{"title":"Proyectos - Amida Arquitectura","description":"Despacho de arquitectura especializado en: dise\u00f1o, construcci\u00f3n, c\u00e9dulas de habitabilidad, certificados de efici\u00e9ncia energ\u00e9tica (CEE), inspecciones t\u00e9cnicas de edificios (ITE), tasaciones, seguridad y salud en las obras...","robots":{"index":"index","follow":"follow","max-snippet":"max-snippet:-1","max-image-preview":"max-image-preview:large","max-video-preview":"max-video-preview:-1"},"canonical":"https:\/\/www.amidaarquitectura.com\/es\/proyectos\/","og_locale":"es_ES","og_type":"article","og_title":"Proyectos - Amida Arquitectura","og_description":"Despacho de arquitectura especializado en: dise\u00f1o, construcci\u00f3n, c\u00e9dulas de habitabilidad, certificados de efici\u00e9ncia energ\u00e9tica (CEE), inspecciones t\u00e9cnicas de edificios (ITE), tasaciones, seguridad y salud en las obras...","og_url":"https:\/\/www.amidaarquitectura.com\/es\/proyectos\/","og_site_name":"Amida Arquitectura","article_modified_time":"2013-07-06T15:52:38+00:00","schema":{"@context":"https:\/\/schema.org","@graph":[{"@type":"WebPage","@id":"https:\/\/www.amidaarquitectura.com\/es\/proyectos\/","url":"https:\/\/www.amidaarquitectura.com\/es\/proyectos\/","name":"Proyectos - Amida Arquitectura","isPartOf":{"@id":"https:\/\/www.amidaarquitectura.com\/#website"},"datePublished":"2012-11-24T23:47:31+00:00","dateModified":"2013-07-06T15:52:38+00:00","description":"Despacho de arquitectura especializado en: dise\u00f1o, construcci\u00f3n, c\u00e9dulas de habitabilidad, certificados de efici\u00e9ncia energ\u00e9tica (CEE), inspecciones t\u00e9cnicas de edificios (ITE), tasaciones, seguridad y salud en las obras...","breadcrumb":{"@id":"https:\/\/www.amidaarquitectura.com\/es\/proyectos\/#breadcrumb"},"inLanguage":"es","potentialAction":[{"@type":"ReadAction","target":["https:\/\/www.amidaarquitectura.com\/es\/proyectos\/"]}]},{"@type":"BreadcrumbList","@id":"https:\/\/www.amidaarquitectura.com\/es\/proyectos\/#breadcrumb","itemListElement":[{"@type":"ListItem","position":1,"name":"Inici","item":"https:\/\/www.amidaarquitectura.com\/es\/"},{"@type":"ListItem","position":2,"name":"Proyectos"}]},{"@type":"WebSite","@id":"https:\/\/www.amidaarquitectura.com\/#website","url":"https:\/\/www.amidaarquitectura.com\/","name":"Amida Arquitectura","description":"","potentialAction":[{"@type":"SearchAction","target":{"@type":"EntryPoint","urlTemplate":"https:\/\/www.amidaarquitectura.com\/?s={search_term_string}"},"query-input":{"@type":"PropertyValueSpecification","valueRequired":true,"valueName":"search_term_string"}}],"inLanguage":"es"}]}},"jetpack_sharing_enabled":true,"_links":{"self":[{"href":"https:\/\/www.amidaarquitectura.com\/es\/wp-json\/wp\/v2\/pages\/13","targetHints":{"allow":["GET"]}}],"collection":[{"href":"https:\/\/www.amidaarquitectura.com\/es\/wp-json\/wp\/v2\/pages"}],"about":[{"href":"https:\/\/www.amidaarquitectura.com\/es\/wp-json\/wp\/v2\/types\/page"}],"author":[{"embeddable":true,"href":"https:\/\/www.amidaarquitectura.com\/es\/wp-json\/wp\/v2\/users\/5"}],"replies":[{"embeddable":true,"href":"https:\/\/www.amidaarquitectura.com\/es\/wp-json\/wp\/v2\/comments?post=13"}],"version-history":[{"count":17,"href":"https:\/\/www.amidaarquitectura.com\/es\/wp-json\/wp\/v2\/pages\/13\/revisions"}],"predecessor-version":[{"id":328,"href":"https:\/\/www.amidaarquitectura.com\/es\/wp-json\/wp\/v2\/pages\/13\/revisions\/328"}],"wp:attachment":[{"href":"https:\/\/www.amidaarquitectura.com\/es\/wp-json\/wp\/v2\/media?parent=13"}],"curies":[{"name":"wp","href":"https:\/\/api.w.org\/{rel}","templated":true}]}}